{"id":27203,"date":"2026-05-11T15:22:54","date_gmt":"2026-05-11T18:22:54","guid":{"rendered":"https:\/\/xn--puebladiseo-beb.com.ar\/?post_type=product&#038;p=27203"},"modified":"2026-05-12T11:05:35","modified_gmt":"2026-05-12T14:05:35","slug":"juego-de-comedor-loft","status":"publish","type":"product","link":"https:\/\/xn--puebladiseo-beb.com.ar\/en\/product\/juego-de-comedor-loft\/","title":{"rendered":"Juego de Comedor Loft"},"content":{"rendered":"<p>Juego de comedor<\/p>\n<p>Mesa fabricada en base de ca\u00f1o estructural pintado a horno.<\/p>\n<p>Tapa de madera maciza de \u00c1lamo de 35mm de espesor con acabado en laca poliuretanica.<\/p>\n<p>Sillas Nube fabricadas con estructura de ca\u00f1o pintado a horno y tapizado en boucle.<\/p>","protected":false},"excerpt":{"rendered":"<p>Juego de comedor Mesa fabricada en base de ca\u00f1o estructural pintado a horno. Tapa de madera maciza de \u00c1lamo de 35mm de espesor con acabado en laca poliuretanica. Sillas Nube fabricadas con estructura de ca\u00f1o pintado a horno y tapizado en boucle.<\/p>","protected":false},"featured_media":26924,"comment_status":"open","ping_status":"closed","template":"","meta":{"_joinchat":[]},"product_brand":[],"product_cat":[32,262,231,269],"product_tag":[],"class_list":{"0":"post-27203","1":"product","2":"type-product","3":"status-publish","4":"has-post-thumbnail","6":"product_cat-combos","7":"product_cat-juegos-de-comedor","8":"product_cat-nuevos-lanzamientos","9":"product_cat-puebla-sale","11":"first","12":"instock","13":"sale","14":"shipping-taxable","15":"purchasable","16":"product-type-variable"},"_links":{"self":[{"href":"https:\/\/xn--puebladiseo-beb.com.ar\/en\/wp-json\/wp\/v2\/product\/27203","targetHints":{"allow":["GET"]}}],"collection":[{"href":"https:\/\/xn--puebladiseo-beb.com.ar\/en\/wp-json\/wp\/v2\/product"}],"about":[{"href":"https:\/\/xn--puebladiseo-beb.com.ar\/en\/wp-json\/wp\/v2\/types\/product"}],"replies":[{"embeddable":true,"href":"https:\/\/xn--puebladiseo-beb.com.ar\/en\/wp-json\/wp\/v2\/comments?post=27203"}],"wp:featuredmedia":[{"embeddable":true,"href":"https:\/\/xn--puebladiseo-beb.com.ar\/en\/wp-json\/wp\/v2\/media\/26924"}],"wp:attachment":[{"href":"https:\/\/xn--puebladiseo-beb.com.ar\/en\/wp-json\/wp\/v2\/media?parent=27203"}],"wp:term":[{"taxonomy":"product_brand","embeddable":true,"href":"https:\/\/xn--puebladiseo-beb.com.ar\/en\/wp-json\/wp\/v2\/product_brand?post=27203"},{"taxonomy":"product_cat","embeddable":true,"href":"https:\/\/xn--puebladiseo-beb.com.ar\/en\/wp-json\/wp\/v2\/product_cat?post=27203"},{"taxonomy":"product_tag","embeddable":true,"href":"https:\/\/xn--puebladiseo-beb.com.ar\/en\/wp-json\/wp\/v2\/product_tag?post=27203"}],"curies":[{"name":"wp","href":"https:\/\/api.w.org\/{rel}","templated":true}]}}