{"id":26890,"date":"2026-04-08T15:56:58","date_gmt":"2026-04-08T18:56:58","guid":{"rendered":"https:\/\/xn--puebladiseo-beb.com.ar\/?post_type=product&#038;p=26890"},"modified":"2026-04-17T13:05:56","modified_gmt":"2026-04-17T16:05:56","slug":"silla-nube","status":"publish","type":"product","link":"https:\/\/xn--puebladiseo-beb.com.ar\/en\/product\/silla-nube\/","title":{"rendered":"Silla NUBE"},"content":{"rendered":"","protected":false},"excerpt":{"rendered":"<p data-path-to-node=\"5\">Eleva el estilo de tu comedor con una pieza que equilibra a la perfecci\u00f3n la modernidad y el confort. Nuestra silla de dise\u00f1o minimalista destaca por su estructura esbelta en color negro, que aporta una sensaci\u00f3n visual de amplitud y ligereza a cualquier espacio.<\/p>\n<p data-path-to-node=\"6\">El toque protagonista lo da el tapizado en <b data-path-to-node=\"6\" data-index-in-node=\"43\">tela boucl\u00e9<\/b> (textura de rulo), que no solo es tendencia absoluta en el dise\u00f1o de interiores, sino que invita al descanso gracias a su suavidad excepcional. Es la silla ideal para quienes buscan un ambiente c\u00e1lido, sofisticado y sin sobrecargas.<\/p>\n<p><strong>Medidas:<\/strong><\/p>\n<p>Ancho 47cm<br \/>\nProf 50cm<br \/>\nAlto total 90cm<br \/>\nAlto asiento 50cm<\/p>","protected":false},"featured_media":26925,"comment_status":"open","ping_status":"closed","template":"","meta":{"_joinchat":[]},"product_brand":[],"product_cat":[231,137],"product_tag":[],"class_list":{"0":"post-26890","1":"product","2":"type-product","3":"status-publish","4":"has-post-thumbnail","6":"product_cat-nuevos-lanzamientos","7":"product_cat-sillas-de-comedor","9":"first","10":"instock","11":"shipping-taxable","12":"purchasable","13":"product-type-variable"},"_links":{"self":[{"href":"https:\/\/xn--puebladiseo-beb.com.ar\/en\/wp-json\/wp\/v2\/product\/26890","targetHints":{"allow":["GET"]}}],"collection":[{"href":"https:\/\/xn--puebladiseo-beb.com.ar\/en\/wp-json\/wp\/v2\/product"}],"about":[{"href":"https:\/\/xn--puebladiseo-beb.com.ar\/en\/wp-json\/wp\/v2\/types\/product"}],"replies":[{"embeddable":true,"href":"https:\/\/xn--puebladiseo-beb.com.ar\/en\/wp-json\/wp\/v2\/comments?post=26890"}],"wp:featuredmedia":[{"embeddable":true,"href":"https:\/\/xn--puebladiseo-beb.com.ar\/en\/wp-json\/wp\/v2\/media\/26925"}],"wp:attachment":[{"href":"https:\/\/xn--puebladiseo-beb.com.ar\/en\/wp-json\/wp\/v2\/media?parent=26890"}],"wp:term":[{"taxonomy":"product_brand","embeddable":true,"href":"https:\/\/xn--puebladiseo-beb.com.ar\/en\/wp-json\/wp\/v2\/product_brand?post=26890"},{"taxonomy":"product_cat","embeddable":true,"href":"https:\/\/xn--puebladiseo-beb.com.ar\/en\/wp-json\/wp\/v2\/product_cat?post=26890"},{"taxonomy":"product_tag","embeddable":true,"href":"https:\/\/xn--puebladiseo-beb.com.ar\/en\/wp-json\/wp\/v2\/product_tag?post=26890"}],"curies":[{"name":"wp","href":"https:\/\/api.w.org\/{rel}","templated":true}]}}