{"id":26290,"date":"2025-12-06T14:19:32","date_gmt":"2025-12-06T17:19:32","guid":{"rendered":"https:\/\/xn--puebladiseo-beb.com.ar\/?post_type=product&#038;p=26290"},"modified":"2026-05-07T21:59:58","modified_gmt":"2026-05-08T00:59:58","slug":"mesa-bar-cuyen","status":"publish","type":"product","link":"https:\/\/xn--puebladiseo-beb.com.ar\/en\/product\/mesa-bar-cuyen\/","title":{"rendered":"Mesa Bar Cuyen"},"content":{"rendered":"<div>\n<div>\n<p>Medidas Mesa:<\/p>\n<\/div>\n<div>\n<div>\n<div>\n<p>70X105<\/p>\n<\/div>\n<\/div>\n<\/div>\n<\/div>","protected":false},"excerpt":{"rendered":"<p>\u00bfBuscas darle un toque moderno y funcional a tu hogar o negocio? Con la combinaci\u00f3n ideal de dise\u00f1o robusto y estilo contempor\u00e1neo, tendr\u00e1s el ambiente que siempre quisiste.<\/p>\n<ul>\n<li><b>Mesa Tipo Bar:<\/b> El centro de todas las miradas. Nuestra mesa alta, ideal para desayunos r\u00e1pidos o aperitivos con amigos, optimiza tu espacio con un dise\u00f1o estilizado y pr\u00e1ctico. Perfecta para cocinas, comedores peque\u00f1os o \u00e1reas de ocio.<\/li>\n<\/ul>\n<p>Comodidad, dise\u00f1o y la calidad que necesitas para disfrutar.<\/p>","protected":false},"featured_media":22993,"comment_status":"open","ping_status":"closed","template":"","meta":{"_joinchat":[]},"product_brand":[],"product_cat":[32,260],"product_tag":[],"class_list":{"0":"post-26290","1":"product","2":"type-product","3":"status-publish","4":"has-post-thumbnail","6":"product_cat-combos","7":"product_cat-exterior","9":"first","10":"instock","11":"shipping-taxable","12":"purchasable","13":"product-type-simple"},"_links":{"self":[{"href":"https:\/\/xn--puebladiseo-beb.com.ar\/en\/wp-json\/wp\/v2\/product\/26290","targetHints":{"allow":["GET"]}}],"collection":[{"href":"https:\/\/xn--puebladiseo-beb.com.ar\/en\/wp-json\/wp\/v2\/product"}],"about":[{"href":"https:\/\/xn--puebladiseo-beb.com.ar\/en\/wp-json\/wp\/v2\/types\/product"}],"replies":[{"embeddable":true,"href":"https:\/\/xn--puebladiseo-beb.com.ar\/en\/wp-json\/wp\/v2\/comments?post=26290"}],"wp:featuredmedia":[{"embeddable":true,"href":"https:\/\/xn--puebladiseo-beb.com.ar\/en\/wp-json\/wp\/v2\/media\/22993"}],"wp:attachment":[{"href":"https:\/\/xn--puebladiseo-beb.com.ar\/en\/wp-json\/wp\/v2\/media?parent=26290"}],"wp:term":[{"taxonomy":"product_brand","embeddable":true,"href":"https:\/\/xn--puebladiseo-beb.com.ar\/en\/wp-json\/wp\/v2\/product_brand?post=26290"},{"taxonomy":"product_cat","embeddable":true,"href":"https:\/\/xn--puebladiseo-beb.com.ar\/en\/wp-json\/wp\/v2\/product_cat?post=26290"},{"taxonomy":"product_tag","embeddable":true,"href":"https:\/\/xn--puebladiseo-beb.com.ar\/en\/wp-json\/wp\/v2\/product_tag?post=26290"}],"curies":[{"name":"wp","href":"https:\/\/api.w.org\/{rel}","templated":true}]}}