{"id":23000,"date":"2025-09-30T12:05:29","date_gmt":"2025-09-30T15:05:29","guid":{"rendered":"https:\/\/xn--puebladiseo-beb.com.ar\/?post_type=product&#038;p=23000"},"modified":"2026-05-07T22:05:38","modified_gmt":"2026-05-08T01:05:38","slug":"reposera-malaga","status":"publish","type":"product","link":"https:\/\/xn--puebladiseo-beb.com.ar\/en\/product\/reposera-malaga\/","title":{"rendered":"Reposera M\u00c1LAGA"},"content":{"rendered":"<p><strong>MEDIDAS:<\/strong><\/p>\n<div>\n<div>\n<ul>\n<li>Profundidad 190cm<\/li>\n<li>Ancho 75cm<\/li>\n<li>Alto 35cm al asiento<\/li>\n<\/ul>\n<\/div>\n<\/div>","protected":false},"excerpt":{"rendered":"<article class=\"text-token-text-primary w-full focus:outline-none scroll-mt-[calc(var(--header-height)+min(200px,max(70px,20svh)))]\" dir=\"auto\" data-turn-id=\"request-WEB:b165156f-3a48-4c08-bdad-3299c0762869-0\" data-testid=\"conversation-turn-2\" data-scroll-anchor=\"true\" data-turn=\"assistant\">\n<div class=\"text-base my-auto mx-auto pb-10 [--thread-content-margin:--spacing(4)] thread-sm:[--thread-content-margin:--spacing(6)] thread-lg:[--thread-content-margin:--spacing(16)] px-(--thread-content-margin)\">\n<div class=\"[--thread-content-max-width:40rem] thread-lg:[--thread-content-max-width:48rem] mx-auto max-w-(--thread-content-max-width) flex-1 group\/turn-messages focus-visible:outline-hidden relative flex w-full min-w-0 flex-col agent-turn\" tabindex=\"-1\">\n<div class=\"flex max-w-full flex-col grow\">\n<div class=\"min-h-8 text-message relative flex w-full flex-col items-end gap-2 text-start break-words whitespace-normal [.text-message+&amp;]:mt-5\" dir=\"auto\" data-message-author-role=\"assistant\" data-message-id=\"6050630e-ab3e-4286-ba1d-03c197e2b908\" data-message-model-slug=\"gpt-4o\">\n<div class=\"flex w-full flex-col gap-1 empty:hidden first:pt-[3px]\">\n<div class=\"markdown prose dark:prose-invert w-full break-words dark markdown-new-styling\">\n<p><span style=\"color: #282828\"><span style=\"font-weight: 400\">Te presentamos la <\/span><i><span style=\"font-weight: 400\">Reposera M\u00e1laga<\/span><\/i><span style=\"font-weight: 400\">, una pieza \u00fanica dise\u00f1ada para brindarte la m\u00e1xima comodidad y estilo en tu espacio exterior.\u00a0<\/span><\/span><\/p>\n<p><strong><span style=\"color: #282828\">Caracter\u00edsticas destacadas:<\/span><\/strong><\/p>\n<ul>\n<li style=\"font-weight: 400\"><span style=\"font-weight: 400;color: #282828\"><strong>Estructura en Ca\u00f1o:<\/strong> Resistente y de alta calidad, pensada para soportar el uso constante sin perder su forma.<\/span><\/li>\n<li style=\"font-weight: 400\"><span style=\"font-weight: 400;color: #282828\"><strong>Tejido en Soga de Polipropileno:<\/strong> Ideal para resistir las inclemencias del tiempo, manteniendo su color y textura durante mucho m\u00e1s tiempo.<\/span><\/li>\n<li style=\"font-weight: 400\"><span style=\"font-weight: 400;color: #282828\"><strong>Respaldo Rebatible:<\/strong> Ajustable en distintas alturas para ofrecerte una posici\u00f3n c\u00f3moda, ya sea para relajarte tomando sol o para descansar con la espalda reclinada.<\/span><\/li>\n<li style=\"font-weight: 400\"><span style=\"font-weight: 400;color: #282828\"><strong>Colchoneta en Tela OUTDOOR:<\/strong> Fabricada con material resistente y de f\u00e1cil limpieza, la tela n\u00e1utica proporciona un extra de comodidad y es perfecta para resistir la humedad y el sol. Adem\u00e1s, su dise\u00f1o de colores rayados a\u00f1ade un toque moderno y fresco a tu espacio exterior.<\/span><\/li>\n<\/ul>\n<p><span style=\"color: #282828\"><span style=\"font-weight: 400\">La <\/span><i><span style=\"font-weight: 400\">Reposera M\u00e1laga<\/span><\/i><span style=\"font-weight: 400\"> es la opci\u00f3n perfecta para quienes buscan calidad, funcionalidad y un toque de dise\u00f1o en su mobiliario de jard\u00edn o terraza. \u00a1Hac\u00e9 de tu espacio exterior el lugar ideal para relajarte y disfrutar de los mejores momentos al aire libre!<\/span><\/span><\/p>\n<\/div>\n<p>&nbsp;<\/p>\n<p data-start=\"0\" data-end=\"290\"><strong>PROPIEDADES DE LAS TELAS<\/strong><\/p>\n<p data-start=\"0\" data-end=\"290\"><strong>AMALFI (liso o rayado):\u00a0<\/strong>Desarrollada especialmente para outdoor, con propiedades repelentes de l\u00edquidos superficiales (no impermeable), antimic\u00f3tico, filtro UV y no levantan temperatura.<\/p>\n<p data-start=\"0\" data-end=\"290\"><strong>FIORE:\u00a0<\/strong>Lona vinilica impermeable desarrollada para outdoor con propiedades antimic\u00f3ticas y filtro UV.<\/p>\n<div class=\"markdown prose dark:prose-invert w-full break-words dark markdown-new-styling\">\n<p data-start=\"41\" data-end=\"354\">\n<\/div>\n<\/div>\n<\/div>\n<\/div>\n<\/div>\n<\/div>\n<\/article>\n<div class=\"pointer-events-none h-px w-px\" aria-hidden=\"true\" data-edge=\"true\"><\/div>\n","protected":false},"featured_media":23082,"comment_status":"open","ping_status":"closed","template":"","meta":{"_joinchat":[]},"product_brand":[],"product_cat":[260,172],"product_tag":[],"class_list":{"0":"post-23000","1":"product","2":"type-product","3":"status-publish","4":"has-post-thumbnail","6":"product_cat-exterior","7":"product_cat-reposeras-y-camastros","9":"first","10":"instock","11":"shipping-taxable","12":"purchasable","13":"product-type-variable"},"_links":{"self":[{"href":"https:\/\/xn--puebladiseo-beb.com.ar\/en\/wp-json\/wp\/v2\/product\/23000","targetHints":{"allow":["GET"]}}],"collection":[{"href":"https:\/\/xn--puebladiseo-beb.com.ar\/en\/wp-json\/wp\/v2\/product"}],"about":[{"href":"https:\/\/xn--puebladiseo-beb.com.ar\/en\/wp-json\/wp\/v2\/types\/product"}],"replies":[{"embeddable":true,"href":"https:\/\/xn--puebladiseo-beb.com.ar\/en\/wp-json\/wp\/v2\/comments?post=23000"}],"wp:featuredmedia":[{"embeddable":true,"href":"https:\/\/xn--puebladiseo-beb.com.ar\/en\/wp-json\/wp\/v2\/media\/23082"}],"wp:attachment":[{"href":"https:\/\/xn--puebladiseo-beb.com.ar\/en\/wp-json\/wp\/v2\/media?parent=23000"}],"wp:term":[{"taxonomy":"product_brand","embeddable":true,"href":"https:\/\/xn--puebladiseo-beb.com.ar\/en\/wp-json\/wp\/v2\/product_brand?post=23000"},{"taxonomy":"product_cat","embeddable":true,"href":"https:\/\/xn--puebladiseo-beb.com.ar\/en\/wp-json\/wp\/v2\/product_cat?post=23000"},{"taxonomy":"product_tag","embeddable":true,"href":"https:\/\/xn--puebladiseo-beb.com.ar\/en\/wp-json\/wp\/v2\/product_tag?post=23000"}],"curies":[{"name":"wp","href":"https:\/\/api.w.org\/{rel}","templated":true}]}}