{"id":22962,"date":"2025-09-25T11:29:25","date_gmt":"2025-09-25T14:29:25","guid":{"rendered":"https:\/\/xn--puebladiseo-beb.com.ar\/?post_type=product&#038;p=22962"},"modified":"2026-01-02T17:13:53","modified_gmt":"2026-01-02T20:13:53","slug":"combo-milan-2-sillones-individuales-1-sillon-doble-mesa","status":"publish","type":"product","link":"https:\/\/xn--puebladiseo-beb.com.ar\/en\/product\/combo-milan-2-sillones-individuales-1-sillon-doble-mesa\/","title":{"rendered":"Combo MILAN FULL 2 Sillones Individuales + 1 Sillon Doble + Mesa ratona"},"content":{"rendered":"<p><strong>EL PRECIO INCLUYE DOS SILLONES INDIVIDUALES + 1 SILLON DOBLE + MESA CUBO 1X50 (foto principal)<\/strong><\/p>\n<p>MEDIDAS SILLON INDIVIDUAL:<\/p>\n<p>ANCHO 75CM<\/p>\n<p>ALTO AL ASIENTO 44 CM<\/p>\n<p>ALTO TOTAL 80 CM<\/p>\n<p>PROFUNDIDAD 85 CM<\/p>\n<p>&nbsp;<\/p>\n<p>SILLON DOBLE:<\/p>\n<p>MEDIDAS<\/p>\n<p>ANCHO 160CM<\/p>\n<p>ALTO AL ASIENTO 44 CM<\/p>\n<p>ALTO TOTAL 80 CM<\/p>\n<p>PROFUNDIDAD 85 CM<\/p>\n<p>&nbsp;<\/p>\n<p data-start=\"0\" data-end=\"290\">","protected":false},"excerpt":{"rendered":"<p>&nbsp;<\/p>\n<p>Los sillones Mil\u00e1n est\u00e1n fabricados con estructura met\u00e1lica en ca\u00f1o estructural redondo pintado a horno, con un delicado entramado en cordon plano que aporta dise\u00f1o y resistencia. Sus almohadones de alta densidad amplios y confortables en tono natural est\u00e1n confeccionados en <strong data-start=\"233\" data-end=\"253\">tela impermeable<\/strong>, ideal para uso en exteriores. Su est\u00e9tica moderna y elegante lo convierte en una pieza perfecta para ambientar galer\u00edas, quinchos, terrazas o el sector de la piscina, combinando confort, durabilidad y estilo en un mismo producto. Junto con la mesa ratona completan el combo perfecto para tu hogar!<\/p>\n<p>&nbsp;<\/p>\n<p data-start=\"0\" data-end=\"290\"><strong>PROPIEDADES DE LAS TELAS<\/strong><\/p>\n<p data-start=\"0\" data-end=\"290\"><strong>AMALFI (liso o rayado):\u00a0<\/strong>Desarrollada especialmente para outdoor, con propiedades repelentes de l\u00edquidos superficiales (no impermeable), antimic\u00f3tico, filtro UV y no levantan temperatura.<\/p>\n<p data-start=\"0\" data-end=\"290\"><strong>FIORE:\u00a0<\/strong>Lona vinilica impermeable desarrollada para outdoor con propiedades antimic\u00f3ticas y filtro UV.<\/p>","protected":false},"featured_media":22984,"comment_status":"open","ping_status":"closed","template":"","meta":{"_joinchat":[]},"product_brand":[],"product_cat":[32,261,260,145],"product_tag":[],"class_list":{"0":"post-22962","1":"product","2":"type-product","3":"status-publish","4":"has-post-thumbnail","6":"product_cat-combos","7":"product_cat-combos-exterior","8":"product_cat-exterior","9":"product_cat-sillones-y-poltronas","11":"first","12":"instock","13":"sale","14":"shipping-taxable","15":"purchasable","16":"product-type-variable"},"_links":{"self":[{"href":"https:\/\/xn--puebladiseo-beb.com.ar\/en\/wp-json\/wp\/v2\/product\/22962","targetHints":{"allow":["GET"]}}],"collection":[{"href":"https:\/\/xn--puebladiseo-beb.com.ar\/en\/wp-json\/wp\/v2\/product"}],"about":[{"href":"https:\/\/xn--puebladiseo-beb.com.ar\/en\/wp-json\/wp\/v2\/types\/product"}],"replies":[{"embeddable":true,"href":"https:\/\/xn--puebladiseo-beb.com.ar\/en\/wp-json\/wp\/v2\/comments?post=22962"}],"wp:featuredmedia":[{"embeddable":true,"href":"https:\/\/xn--puebladiseo-beb.com.ar\/en\/wp-json\/wp\/v2\/media\/22984"}],"wp:attachment":[{"href":"https:\/\/xn--puebladiseo-beb.com.ar\/en\/wp-json\/wp\/v2\/media?parent=22962"}],"wp:term":[{"taxonomy":"product_brand","embeddable":true,"href":"https:\/\/xn--puebladiseo-beb.com.ar\/en\/wp-json\/wp\/v2\/product_brand?post=22962"},{"taxonomy":"product_cat","embeddable":true,"href":"https:\/\/xn--puebladiseo-beb.com.ar\/en\/wp-json\/wp\/v2\/product_cat?post=22962"},{"taxonomy":"product_tag","embeddable":true,"href":"https:\/\/xn--puebladiseo-beb.com.ar\/en\/wp-json\/wp\/v2\/product_tag?post=22962"}],"curies":[{"name":"wp","href":"https:\/\/api.w.org\/{rel}","templated":true}]}}