{"id":22820,"date":"2025-09-09T14:58:13","date_gmt":"2025-09-09T17:58:13","guid":{"rendered":"https:\/\/xn--puebladiseo-beb.com.ar\/?post_type=product&#038;p=22820"},"modified":"2026-01-02T17:14:36","modified_gmt":"2026-01-02T20:14:36","slug":"combo-hamaca-ibiza-soporte-de-pared","status":"publish","type":"product","link":"https:\/\/xn--puebladiseo-beb.com.ar\/en\/product\/combo-hamaca-ibiza-soporte-de-pared\/","title":{"rendered":"Combo Hamaca IBIZA + Soporte de pared"},"content":{"rendered":"<p><strong>MEDIDAS:<\/strong><\/p>\n<p>Alto total 110cm<\/p>\n<p>Ancho 72cm<\/p>\n<p>Profundo 55cm<\/p>\n<p>&nbsp;<\/p>","protected":false},"excerpt":{"rendered":"<p><strong>Combo Hamaca IBIZA + Soporte de pared \u2728<\/strong><br data-start=\"38\" data-end=\"41\" \/>Un espacio de relax pensado para disfrutar al aire libre sin salir de casa. La hamaca est\u00e1 fabricada en hierro y tejida en soga de polipropileno ultra resistentes y confortables, es perfecta para leer, descansar o simplemente dejarse llevar. Su dise\u00f1o aporta calidez y estilo, convirtiendo tu balc\u00f3n o ese rinc\u00f3n\u00a0 en un verdadero espacio de descanso.<\/p>\n<p>&nbsp;<\/p>\n<p>&nbsp;<\/p>","protected":false},"featured_media":22831,"comment_status":"open","ping_status":"closed","template":"","meta":{"_joinchat":[]},"product_brand":[],"product_cat":[32,261,260,103],"product_tag":[],"class_list":{"0":"post-22820","1":"product","2":"type-product","3":"status-publish","4":"has-post-thumbnail","6":"product_cat-combos","7":"product_cat-combos-exterior","8":"product_cat-exterior","9":"product_cat-hamacas","11":"first","12":"instock","13":"shipping-taxable","14":"purchasable","15":"product-type-variable"},"_links":{"self":[{"href":"https:\/\/xn--puebladiseo-beb.com.ar\/en\/wp-json\/wp\/v2\/product\/22820","targetHints":{"allow":["GET"]}}],"collection":[{"href":"https:\/\/xn--puebladiseo-beb.com.ar\/en\/wp-json\/wp\/v2\/product"}],"about":[{"href":"https:\/\/xn--puebladiseo-beb.com.ar\/en\/wp-json\/wp\/v2\/types\/product"}],"replies":[{"embeddable":true,"href":"https:\/\/xn--puebladiseo-beb.com.ar\/en\/wp-json\/wp\/v2\/comments?post=22820"}],"wp:featuredmedia":[{"embeddable":true,"href":"https:\/\/xn--puebladiseo-beb.com.ar\/en\/wp-json\/wp\/v2\/media\/22831"}],"wp:attachment":[{"href":"https:\/\/xn--puebladiseo-beb.com.ar\/en\/wp-json\/wp\/v2\/media?parent=22820"}],"wp:term":[{"taxonomy":"product_brand","embeddable":true,"href":"https:\/\/xn--puebladiseo-beb.com.ar\/en\/wp-json\/wp\/v2\/product_brand?post=22820"},{"taxonomy":"product_cat","embeddable":true,"href":"https:\/\/xn--puebladiseo-beb.com.ar\/en\/wp-json\/wp\/v2\/product_cat?post=22820"},{"taxonomy":"product_tag","embeddable":true,"href":"https:\/\/xn--puebladiseo-beb.com.ar\/en\/wp-json\/wp\/v2\/product_tag?post=22820"}],"curies":[{"name":"wp","href":"https:\/\/api.w.org\/{rel}","templated":true}]}}