{"id":22779,"date":"2025-09-09T14:43:55","date_gmt":"2025-09-09T17:43:55","guid":{"rendered":"https:\/\/xn--puebladiseo-beb.com.ar\/?post_type=product&#038;p=22779"},"modified":"2025-10-24T10:13:33","modified_gmt":"2025-10-24T13:13:33","slug":"combo-4-sillas-paris","status":"publish","type":"product","link":"https:\/\/xn--puebladiseo-beb.com.ar\/en\/product\/combo-4-sillas-paris\/","title":{"rendered":"Combo 4 Sillas PARIS"},"content":{"rendered":"","protected":false},"excerpt":{"rendered":"<p>&nbsp;<\/p>\n<p>\u00a1El juego de comedor que necesitas!<\/p>\n<p>De estilo moderno e industrial, fabricada \u00edntegramente en <strong data-start=\"155\" data-end=\"164\">chapa<\/strong>, lo que le brinda gran resistencia y durabilidad. Su dise\u00f1o vers\u00e1til la convierte en una opci\u00f3n ideal tanto para interiores como para exteriores, aportando personalidad y car\u00e1cter a comedores, bares o espacios gastron\u00f3micos.<\/p>\n<p>&nbsp;<\/p>\n<p><strong>El precio incluye 4 sillas PARIS<\/strong><\/p>\n<p>&nbsp;<\/p>","protected":false},"featured_media":22382,"comment_status":"open","ping_status":"closed","template":"","meta":{"_joinchat":{"telephone":"+541132622158","message_text":"\u00a1\u00a1Hoy es el dia para comprar {TITLE} a {PRICE} !!","message_send":"\u00a1Hola {SITE} tengo una consulta acerca de {TITLE}!"}},"product_brand":[],"product_cat":[32],"product_tag":[],"class_list":{"0":"post-22779","1":"product","2":"type-product","3":"status-publish","4":"has-post-thumbnail","6":"product_cat-combos","8":"first","9":"instock","10":"shipping-taxable","11":"purchasable","12":"product-type-variable"},"_links":{"self":[{"href":"https:\/\/xn--puebladiseo-beb.com.ar\/en\/wp-json\/wp\/v2\/product\/22779","targetHints":{"allow":["GET"]}}],"collection":[{"href":"https:\/\/xn--puebladiseo-beb.com.ar\/en\/wp-json\/wp\/v2\/product"}],"about":[{"href":"https:\/\/xn--puebladiseo-beb.com.ar\/en\/wp-json\/wp\/v2\/types\/product"}],"replies":[{"embeddable":true,"href":"https:\/\/xn--puebladiseo-beb.com.ar\/en\/wp-json\/wp\/v2\/comments?post=22779"}],"wp:featuredmedia":[{"embeddable":true,"href":"https:\/\/xn--puebladiseo-beb.com.ar\/en\/wp-json\/wp\/v2\/media\/22382"}],"wp:attachment":[{"href":"https:\/\/xn--puebladiseo-beb.com.ar\/en\/wp-json\/wp\/v2\/media?parent=22779"}],"wp:term":[{"taxonomy":"product_brand","embeddable":true,"href":"https:\/\/xn--puebladiseo-beb.com.ar\/en\/wp-json\/wp\/v2\/product_brand?post=22779"},{"taxonomy":"product_cat","embeddable":true,"href":"https:\/\/xn--puebladiseo-beb.com.ar\/en\/wp-json\/wp\/v2\/product_cat?post=22779"},{"taxonomy":"product_tag","embeddable":true,"href":"https:\/\/xn--puebladiseo-beb.com.ar\/en\/wp-json\/wp\/v2\/product_tag?post=22779"}],"curies":[{"name":"wp","href":"https:\/\/api.w.org\/{rel}","templated":true}]}}