{"id":22756,"date":"2025-09-09T14:43:51","date_gmt":"2025-09-09T17:43:51","guid":{"rendered":"https:\/\/xn--puebladiseo-beb.com.ar\/?post_type=product&#038;p=22756"},"modified":"2026-05-11T11:00:13","modified_gmt":"2026-05-11T14:00:13","slug":"combo-4-sillas-paris-tejida","status":"publish","type":"product","link":"https:\/\/xn--puebladiseo-beb.com.ar\/en\/product\/combo-4-sillas-paris-tejida\/","title":{"rendered":"Combo 4 Sillas PARIS TEJIDA"},"content":{"rendered":"<p>&nbsp;<\/p>\n<p>&nbsp;<\/p>\n<p>&nbsp;<\/p>\n<p>&nbsp;<\/p>","protected":false},"excerpt":{"rendered":"<p>La Silla Paris tiene un liviano dise\u00f1o y delicadas terminaciones. Esta fabricada en ca\u00f1o estructural y asiento tejido en cord\u00f3n do polipropileno<br \/>\nEs ideal para espacios modernos y pr\u00e1cticos y es apta exteriores!<\/p>\n<p>&nbsp;<\/p>\n<p><strong>El precio incluye 4 Sillas PARIS tejida<\/strong><\/p>\n<p>&nbsp;<\/p>","protected":false},"featured_media":23357,"comment_status":"open","ping_status":"closed","template":"","meta":{"_joinchat":{"telephone":"+541132622158","message_text":"\u00a1\u00a1Hoy es el dia para comprar {TITLE} a {PRICE} !!","message_send":"\u00a1Hola {SITE} tengo una consulta acerca de {TITLE}!"}},"product_brand":[],"product_cat":[32,260,269,137],"product_tag":[],"class_list":{"0":"post-22756","1":"product","2":"type-product","3":"status-publish","4":"has-post-thumbnail","6":"product_cat-combos","7":"product_cat-exterior","8":"product_cat-puebla-sale","9":"product_cat-sillas-de-comedor","11":"first","12":"instock","13":"sale","14":"shipping-taxable","15":"purchasable","16":"product-type-variable"},"_links":{"self":[{"href":"https:\/\/xn--puebladiseo-beb.com.ar\/en\/wp-json\/wp\/v2\/product\/22756","targetHints":{"allow":["GET"]}}],"collection":[{"href":"https:\/\/xn--puebladiseo-beb.com.ar\/en\/wp-json\/wp\/v2\/product"}],"about":[{"href":"https:\/\/xn--puebladiseo-beb.com.ar\/en\/wp-json\/wp\/v2\/types\/product"}],"replies":[{"embeddable":true,"href":"https:\/\/xn--puebladiseo-beb.com.ar\/en\/wp-json\/wp\/v2\/comments?post=22756"}],"wp:featuredmedia":[{"embeddable":true,"href":"https:\/\/xn--puebladiseo-beb.com.ar\/en\/wp-json\/wp\/v2\/media\/23357"}],"wp:attachment":[{"href":"https:\/\/xn--puebladiseo-beb.com.ar\/en\/wp-json\/wp\/v2\/media?parent=22756"}],"wp:term":[{"taxonomy":"product_brand","embeddable":true,"href":"https:\/\/xn--puebladiseo-beb.com.ar\/en\/wp-json\/wp\/v2\/product_brand?post=22756"},{"taxonomy":"product_cat","embeddable":true,"href":"https:\/\/xn--puebladiseo-beb.com.ar\/en\/wp-json\/wp\/v2\/product_cat?post=22756"},{"taxonomy":"product_tag","embeddable":true,"href":"https:\/\/xn--puebladiseo-beb.com.ar\/en\/wp-json\/wp\/v2\/product_tag?post=22756"}],"curies":[{"name":"wp","href":"https:\/\/api.w.org\/{rel}","templated":true}]}}