{"id":22734,"date":"2025-09-09T14:22:24","date_gmt":"2025-09-09T17:22:24","guid":{"rendered":"https:\/\/xn--puebladiseo-beb.com.ar\/?post_type=product&#038;p=22734"},"modified":"2025-11-04T10:45:58","modified_gmt":"2025-11-04T13:45:58","slug":"combo-6-sillas-pampa","status":"publish","type":"product","link":"https:\/\/xn--puebladiseo-beb.com.ar\/en\/product\/combo-6-sillas-pampa\/","title":{"rendered":"Combo 6 Sillas PAMPA"},"content":{"rendered":"<p><strong>Medidas:<\/strong><br \/>\n50cm ancho<br \/>\n50cm prof<br \/>\n48cm alto al asiento<br \/>\n90cm alto total<\/p>","protected":false},"excerpt":{"rendered":"<p>&nbsp;<\/p>\n<p><strong data-start=\"58\" data-end=\"98\">Combo 4 Sillas Pampa\u00a0<\/strong><br data-start=\"98\" data-end=\"101\" \/>El combo ideal para tu comedor o galer\u00eda. Incluye 4 sillas Pampa, un dise\u00f1o muy original, s\u00f3lido y ergon\u00f3mico. Fabricada con estructura de petiribi macizo laqueado en poliuretano. Respaldo en ca\u00f1o con tejido en cord\u00f3n de polipropileno y asiento tapizado. C\u00f3mo siempre podes personalizar el color de tejido y tapizado.<\/p>\n<p>&nbsp;<\/p>\n<p><strong>El precio incluye 4 Sillas Pampa\u00a0<\/strong><\/p>","protected":false},"featured_media":22912,"comment_status":"open","ping_status":"closed","template":"","meta":{"_joinchat":[]},"product_brand":[],"product_cat":[32],"product_tag":[],"class_list":{"0":"post-22734","1":"product","2":"type-product","3":"status-publish","4":"has-post-thumbnail","6":"product_cat-combos","8":"first","9":"instock","10":"shipping-taxable","11":"purchasable","12":"product-type-variable"},"_links":{"self":[{"href":"https:\/\/xn--puebladiseo-beb.com.ar\/en\/wp-json\/wp\/v2\/product\/22734","targetHints":{"allow":["GET"]}}],"collection":[{"href":"https:\/\/xn--puebladiseo-beb.com.ar\/en\/wp-json\/wp\/v2\/product"}],"about":[{"href":"https:\/\/xn--puebladiseo-beb.com.ar\/en\/wp-json\/wp\/v2\/types\/product"}],"replies":[{"embeddable":true,"href":"https:\/\/xn--puebladiseo-beb.com.ar\/en\/wp-json\/wp\/v2\/comments?post=22734"}],"wp:featuredmedia":[{"embeddable":true,"href":"https:\/\/xn--puebladiseo-beb.com.ar\/en\/wp-json\/wp\/v2\/media\/22912"}],"wp:attachment":[{"href":"https:\/\/xn--puebladiseo-beb.com.ar\/en\/wp-json\/wp\/v2\/media?parent=22734"}],"wp:term":[{"taxonomy":"product_brand","embeddable":true,"href":"https:\/\/xn--puebladiseo-beb.com.ar\/en\/wp-json\/wp\/v2\/product_brand?post=22734"},{"taxonomy":"product_cat","embeddable":true,"href":"https:\/\/xn--puebladiseo-beb.com.ar\/en\/wp-json\/wp\/v2\/product_cat?post=22734"},{"taxonomy":"product_tag","embeddable":true,"href":"https:\/\/xn--puebladiseo-beb.com.ar\/en\/wp-json\/wp\/v2\/product_tag?post=22734"}],"curies":[{"name":"wp","href":"https:\/\/api.w.org\/{rel}","templated":true}]}}