{"id":22604,"date":"2025-09-09T14:04:16","date_gmt":"2025-09-09T17:04:16","guid":{"rendered":"https:\/\/xn--puebladiseo-beb.com.ar\/?post_type=product&#038;p=22604"},"modified":"2026-01-02T16:40:23","modified_gmt":"2026-01-02T19:40:23","slug":"combo-6-sillas-habana","status":"publish","type":"product","link":"https:\/\/xn--puebladiseo-beb.com.ar\/en\/product\/combo-6-sillas-habana\/","title":{"rendered":"Combo 6 Sillas HABANA"},"content":{"rendered":"<ul>\n<li><strong>MEDIDAS<\/strong><br \/>\nProfundidad 50 cm<br \/>\nAncho 54 cm<br \/>\nAlto al asiento 48 cm<br \/>\nAlto total 78 cm<\/li>\n<\/ul>","protected":false},"excerpt":{"rendered":"<p>La silla Habana es un dise\u00f1o fabricado exclusivamente por Puebla Dise\u00f1o.<br \/>\nCuenta con un novedoso tejido en cord\u00f3n plano de polipropileno trenzado y asiento tapizado en g\u00e9nero Fiore (lavable, impermeable y antihongos) Adem\u00e1s tiene exquisitos detalles de terminaci\u00f3n, c\u00f3mo ser sus patas con terminaci\u00f3n c\u00f3nica ya sea en hierro o en madera.<\/p>","protected":false},"featured_media":18440,"comment_status":"open","ping_status":"closed","template":"","meta":{"_joinchat":[]},"product_brand":[],"product_cat":[32,260],"product_tag":[],"class_list":{"0":"post-22604","1":"product","2":"type-product","3":"status-publish","4":"has-post-thumbnail","6":"product_cat-combos","7":"product_cat-exterior","9":"first","10":"instock","11":"shipping-taxable","12":"purchasable","13":"product-type-variable"},"_links":{"self":[{"href":"https:\/\/xn--puebladiseo-beb.com.ar\/en\/wp-json\/wp\/v2\/product\/22604","targetHints":{"allow":["GET"]}}],"collection":[{"href":"https:\/\/xn--puebladiseo-beb.com.ar\/en\/wp-json\/wp\/v2\/product"}],"about":[{"href":"https:\/\/xn--puebladiseo-beb.com.ar\/en\/wp-json\/wp\/v2\/types\/product"}],"replies":[{"embeddable":true,"href":"https:\/\/xn--puebladiseo-beb.com.ar\/en\/wp-json\/wp\/v2\/comments?post=22604"}],"wp:featuredmedia":[{"embeddable":true,"href":"https:\/\/xn--puebladiseo-beb.com.ar\/en\/wp-json\/wp\/v2\/media\/18440"}],"wp:attachment":[{"href":"https:\/\/xn--puebladiseo-beb.com.ar\/en\/wp-json\/wp\/v2\/media?parent=22604"}],"wp:term":[{"taxonomy":"product_brand","embeddable":true,"href":"https:\/\/xn--puebladiseo-beb.com.ar\/en\/wp-json\/wp\/v2\/product_brand?post=22604"},{"taxonomy":"product_cat","embeddable":true,"href":"https:\/\/xn--puebladiseo-beb.com.ar\/en\/wp-json\/wp\/v2\/product_cat?post=22604"},{"taxonomy":"product_tag","embeddable":true,"href":"https:\/\/xn--puebladiseo-beb.com.ar\/en\/wp-json\/wp\/v2\/product_tag?post=22604"}],"curies":[{"name":"wp","href":"https:\/\/api.w.org\/{rel}","templated":true}]}}