{"id":22500,"date":"2025-09-09T13:50:04","date_gmt":"2025-09-09T16:50:04","guid":{"rendered":"https:\/\/xn--puebladiseo-beb.com.ar\/?post_type=product&#038;p=22500"},"modified":"2026-02-23T17:34:37","modified_gmt":"2026-02-23T20:34:37","slug":"combo-4-sillas-formentera","status":"publish","type":"product","link":"https:\/\/xn--puebladiseo-beb.com.ar\/en\/product\/combo-4-sillas-formentera\/","title":{"rendered":"Combo 4 Sillas FORMENTERA"},"content":{"rendered":"<p><strong>MEDIDAS:<\/strong><\/p>\n<p>Ancho: 53cm<br \/>\nAlto al asiento: 48 cm<br \/>\nAlto total: 78 cm<br \/>\nProfundidad: 57 cm<\/p>","protected":false},"excerpt":{"rendered":"<p>Silla <strong data-start=\"6\" data-end=\"20\">Formentera<\/strong> de <strong data-start=\"24\" data-end=\"41\">Puebla Dise\u00f1o<\/strong>.<br data-start=\"42\" data-end=\"45\" \/>Un dise\u00f1o elegante y vers\u00e1til que combina comodidad y estilo para espacios interiores. Su estructura met\u00e1lica en ca\u00f1o pintado a horno aporta resistencia y durabilidad, mientras que el respaldo tejido en soga crea una textura \u00fanica y artesanal. La silla Formentera es una pieza que equilibra dise\u00f1o contempor\u00e1neo con la calidez de lo hecho a mano.<\/p>","protected":false},"featured_media":23359,"comment_status":"open","ping_status":"closed","template":"","meta":{"_joinchat":[]},"product_brand":[],"product_cat":[32,260],"product_tag":[],"class_list":{"0":"post-22500","1":"product","2":"type-product","3":"status-publish","4":"has-post-thumbnail","6":"product_cat-combos","7":"product_cat-exterior","9":"first","10":"instock","11":"sale","12":"shipping-taxable","13":"purchasable","14":"product-type-variable"},"_links":{"self":[{"href":"https:\/\/xn--puebladiseo-beb.com.ar\/en\/wp-json\/wp\/v2\/product\/22500","targetHints":{"allow":["GET"]}}],"collection":[{"href":"https:\/\/xn--puebladiseo-beb.com.ar\/en\/wp-json\/wp\/v2\/product"}],"about":[{"href":"https:\/\/xn--puebladiseo-beb.com.ar\/en\/wp-json\/wp\/v2\/types\/product"}],"replies":[{"embeddable":true,"href":"https:\/\/xn--puebladiseo-beb.com.ar\/en\/wp-json\/wp\/v2\/comments?post=22500"}],"wp:featuredmedia":[{"embeddable":true,"href":"https:\/\/xn--puebladiseo-beb.com.ar\/en\/wp-json\/wp\/v2\/media\/23359"}],"wp:attachment":[{"href":"https:\/\/xn--puebladiseo-beb.com.ar\/en\/wp-json\/wp\/v2\/media?parent=22500"}],"wp:term":[{"taxonomy":"product_brand","embeddable":true,"href":"https:\/\/xn--puebladiseo-beb.com.ar\/en\/wp-json\/wp\/v2\/product_brand?post=22500"},{"taxonomy":"product_cat","embeddable":true,"href":"https:\/\/xn--puebladiseo-beb.com.ar\/en\/wp-json\/wp\/v2\/product_cat?post=22500"},{"taxonomy":"product_tag","embeddable":true,"href":"https:\/\/xn--puebladiseo-beb.com.ar\/en\/wp-json\/wp\/v2\/product_tag?post=22500"}],"curies":[{"name":"wp","href":"https:\/\/api.w.org\/{rel}","templated":true}]}}