{"id":22345,"date":"2025-08-27T14:49:30","date_gmt":"2025-08-27T17:49:30","guid":{"rendered":"https:\/\/xn--puebladiseo-beb.com.ar\/?post_type=product&#038;p=22345"},"modified":"2026-05-11T11:01:13","modified_gmt":"2026-05-11T14:01:13","slug":"banqueta-paris","status":"publish","type":"product","link":"https:\/\/xn--puebladiseo-beb.com.ar\/en\/product\/banqueta-paris\/","title":{"rendered":"Banqueta PARIS"},"content":{"rendered":"<p data-start=\"88\" data-end=\"391\">Dise\u00f1ada para aportar <strong data-start=\"140\" data-end=\"164\">practicidad y estilo<\/strong> a cualquier espacio. Fabricada en <strong data-start=\"199\" data-end=\"218\">chapa reforzada<\/strong>, es una silla <strong data-start=\"233\" data-end=\"273\">liviana, resistente y f\u00e1cil de mover<\/strong>.De est\u00e9tica vers\u00e1til y contempor\u00e1nea, combina <strong data-start=\"439\" data-end=\"472\">funcionalidad con durabilidad<\/strong>, convirti\u00e9ndose en la elecci\u00f3n ideal para proyectos gastron\u00f3micos y de hogar que buscan <strong data-start=\"561\" data-end=\"594\">comodidad sin resignar dise\u00f1o<\/strong>.<\/p>","protected":false},"excerpt":{"rendered":"<div>\n<div>\n<p><strong>MEDIDAS<\/strong><\/p>\n<p>Ancho 45cm<\/p>\n<p>Profundidad 45cm<\/p>\n<p>Alto al asiento 70cm<\/p>\n<p>Alto total 118cm<\/p>\n<\/div>\n<\/div>","protected":false},"featured_media":22346,"comment_status":"open","ping_status":"closed","template":"","meta":{"_joinchat":[]},"product_brand":[],"product_cat":[24,260,269],"product_tag":[],"class_list":{"0":"post-22345","1":"product","2":"type-product","3":"status-publish","4":"has-post-thumbnail","6":"product_cat-banqueta","7":"product_cat-exterior","8":"product_cat-puebla-sale","10":"first","11":"instock","12":"sale","13":"shipping-taxable","14":"purchasable","15":"product-type-simple"},"_links":{"self":[{"href":"https:\/\/xn--puebladiseo-beb.com.ar\/en\/wp-json\/wp\/v2\/product\/22345","targetHints":{"allow":["GET"]}}],"collection":[{"href":"https:\/\/xn--puebladiseo-beb.com.ar\/en\/wp-json\/wp\/v2\/product"}],"about":[{"href":"https:\/\/xn--puebladiseo-beb.com.ar\/en\/wp-json\/wp\/v2\/types\/product"}],"replies":[{"embeddable":true,"href":"https:\/\/xn--puebladiseo-beb.com.ar\/en\/wp-json\/wp\/v2\/comments?post=22345"}],"wp:featuredmedia":[{"embeddable":true,"href":"https:\/\/xn--puebladiseo-beb.com.ar\/en\/wp-json\/wp\/v2\/media\/22346"}],"wp:attachment":[{"href":"https:\/\/xn--puebladiseo-beb.com.ar\/en\/wp-json\/wp\/v2\/media?parent=22345"}],"wp:term":[{"taxonomy":"product_brand","embeddable":true,"href":"https:\/\/xn--puebladiseo-beb.com.ar\/en\/wp-json\/wp\/v2\/product_brand?post=22345"},{"taxonomy":"product_cat","embeddable":true,"href":"https:\/\/xn--puebladiseo-beb.com.ar\/en\/wp-json\/wp\/v2\/product_cat?post=22345"},{"taxonomy":"product_tag","embeddable":true,"href":"https:\/\/xn--puebladiseo-beb.com.ar\/en\/wp-json\/wp\/v2\/product_tag?post=22345"}],"curies":[{"name":"wp","href":"https:\/\/api.w.org\/{rel}","templated":true}]}}