{"id":22341,"date":"2025-08-27T14:06:16","date_gmt":"2025-08-27T17:06:16","guid":{"rendered":"https:\/\/xn--puebladiseo-beb.com.ar\/?post_type=product&#038;p=22341"},"modified":"2026-05-07T22:09:48","modified_gmt":"2026-05-08T01:09:48","slug":"banqueta-cuyen-chapa","status":"publish","type":"product","link":"https:\/\/xn--puebladiseo-beb.com.ar\/en\/product\/banqueta-cuyen-chapa\/","title":{"rendered":"Banqueta CUYEN chapa"},"content":{"rendered":"<p data-start=\"88\" data-end=\"391\">Dise\u00f1ada para aportar <strong data-start=\"140\" data-end=\"164\">practicidad y estilo<\/strong> a cualquier espacio. Fabricada en <strong data-start=\"199\" data-end=\"218\">chapa reforzada<\/strong>, es una banqueta <strong data-start=\"233\" data-end=\"273\">liviana, resistente, f\u00e1cil de mover y sobre todo c\u00f3moda<\/strong>. Su dise\u00f1o apilable permite optimizar el espacio, siendo perfecta para <strong data-start=\"345\" data-end=\"388\" data-is-only-node=\"\">bares, cervecer\u00edas, o en la barra de tu cocina.<\/strong><\/p>\n<p data-start=\"393\" data-end=\"597\">De est\u00e9tica vers\u00e1til y contempor\u00e1nea, combina <strong data-start=\"439\" data-end=\"472\">funcionalidad con durabilidad<\/strong>, convirti\u00e9ndose en la elecci\u00f3n ideal para proyectos gastron\u00f3micos y de hogar que buscan <strong data-start=\"561\" data-end=\"594\">comodidad sin resignar dise\u00f1o<\/strong>.<\/p>","protected":false},"excerpt":{"rendered":"<div>\n<div>\n<p><strong>MEDIDAS<\/strong><\/p>\n<p>Ancho 52cm<\/p>\n<p>Profundidad 50cm<\/p>\n<p>Alto al asiento 70cm<\/p>\n<p>Alto total 118cm<\/p>\n<\/div>\n<\/div>","protected":false},"featured_media":22342,"comment_status":"open","ping_status":"closed","template":"","meta":{"_joinchat":[]},"product_brand":[],"product_cat":[24,260],"product_tag":[],"class_list":{"0":"post-22341","1":"product","2":"type-product","3":"status-publish","4":"has-post-thumbnail","6":"product_cat-banqueta","7":"product_cat-exterior","9":"first","10":"instock","11":"shipping-taxable","12":"purchasable","13":"product-type-simple"},"_links":{"self":[{"href":"https:\/\/xn--puebladiseo-beb.com.ar\/en\/wp-json\/wp\/v2\/product\/22341","targetHints":{"allow":["GET"]}}],"collection":[{"href":"https:\/\/xn--puebladiseo-beb.com.ar\/en\/wp-json\/wp\/v2\/product"}],"about":[{"href":"https:\/\/xn--puebladiseo-beb.com.ar\/en\/wp-json\/wp\/v2\/types\/product"}],"replies":[{"embeddable":true,"href":"https:\/\/xn--puebladiseo-beb.com.ar\/en\/wp-json\/wp\/v2\/comments?post=22341"}],"wp:featuredmedia":[{"embeddable":true,"href":"https:\/\/xn--puebladiseo-beb.com.ar\/en\/wp-json\/wp\/v2\/media\/22342"}],"wp:attachment":[{"href":"https:\/\/xn--puebladiseo-beb.com.ar\/en\/wp-json\/wp\/v2\/media?parent=22341"}],"wp:term":[{"taxonomy":"product_brand","embeddable":true,"href":"https:\/\/xn--puebladiseo-beb.com.ar\/en\/wp-json\/wp\/v2\/product_brand?post=22341"},{"taxonomy":"product_cat","embeddable":true,"href":"https:\/\/xn--puebladiseo-beb.com.ar\/en\/wp-json\/wp\/v2\/product_cat?post=22341"},{"taxonomy":"product_tag","embeddable":true,"href":"https:\/\/xn--puebladiseo-beb.com.ar\/en\/wp-json\/wp\/v2\/product_tag?post=22341"}],"curies":[{"name":"wp","href":"https:\/\/api.w.org\/{rel}","templated":true}]}}