{"id":22187,"date":"2025-07-02T00:09:21","date_gmt":"2025-07-02T03:09:21","guid":{"rendered":"https:\/\/xn--puebladiseo-beb.com.ar\/?post_type=product&#038;p=22187"},"modified":"2026-05-07T22:08:47","modified_gmt":"2026-05-08T01:08:47","slug":"recibidor-cuyen","status":"publish","type":"product","link":"https:\/\/xn--puebladiseo-beb.com.ar\/en\/product\/recibidor-cuyen\/","title":{"rendered":"Recibidor CUYEN"},"content":{"rendered":"<p>A\u00f1ad\u00ed estilo y funcionalidad a tu entrada o pasillo con esta mesa de arrime de dise\u00f1o industrial. Fabricada con una s\u00f3lida estructura de hierro y superficies de madera natural, esta pieza destaca por su est\u00e9tica moderna y su gran versatilidad.<\/p>","protected":false},"excerpt":{"rendered":"<div>\n<div>\n<p>Medidas:<\/p>\n<ul>\n<li>Largo:1.10<\/li>\n<li>Alto:75cm<\/li>\n<li>Ancho:30cm<\/li>\n<\/ul>\n<\/div>\n<\/div>","protected":false},"featured_media":22188,"comment_status":"open","ping_status":"closed","template":"","meta":{"_joinchat":[]},"product_brand":[],"product_cat":[173],"product_tag":[],"class_list":{"0":"post-22187","1":"product","2":"type-product","3":"status-publish","4":"has-post-thumbnail","6":"product_cat-mesas-auxiliares","8":"first","9":"instock","10":"shipping-taxable","11":"purchasable","12":"product-type-simple"},"_links":{"self":[{"href":"https:\/\/xn--puebladiseo-beb.com.ar\/en\/wp-json\/wp\/v2\/product\/22187","targetHints":{"allow":["GET"]}}],"collection":[{"href":"https:\/\/xn--puebladiseo-beb.com.ar\/en\/wp-json\/wp\/v2\/product"}],"about":[{"href":"https:\/\/xn--puebladiseo-beb.com.ar\/en\/wp-json\/wp\/v2\/types\/product"}],"replies":[{"embeddable":true,"href":"https:\/\/xn--puebladiseo-beb.com.ar\/en\/wp-json\/wp\/v2\/comments?post=22187"}],"wp:featuredmedia":[{"embeddable":true,"href":"https:\/\/xn--puebladiseo-beb.com.ar\/en\/wp-json\/wp\/v2\/media\/22188"}],"wp:attachment":[{"href":"https:\/\/xn--puebladiseo-beb.com.ar\/en\/wp-json\/wp\/v2\/media?parent=22187"}],"wp:term":[{"taxonomy":"product_brand","embeddable":true,"href":"https:\/\/xn--puebladiseo-beb.com.ar\/en\/wp-json\/wp\/v2\/product_brand?post=22187"},{"taxonomy":"product_cat","embeddable":true,"href":"https:\/\/xn--puebladiseo-beb.com.ar\/en\/wp-json\/wp\/v2\/product_cat?post=22187"},{"taxonomy":"product_tag","embeddable":true,"href":"https:\/\/xn--puebladiseo-beb.com.ar\/en\/wp-json\/wp\/v2\/product_tag?post=22187"}],"curies":[{"name":"wp","href":"https:\/\/api.w.org\/{rel}","templated":true}]}}