{"id":22180,"date":"2025-07-02T00:03:16","date_gmt":"2025-07-02T03:03:16","guid":{"rendered":"https:\/\/xn--puebladiseo-beb.com.ar\/?post_type=product&#038;p=22180"},"modified":"2026-05-07T22:04:47","modified_gmt":"2026-05-08T01:04:47","slug":"rack-tv-cuyen","status":"publish","type":"product","link":"https:\/\/xn--puebladiseo-beb.com.ar\/en\/product\/rack-tv-cuyen\/","title":{"rendered":"RACK TV CUYEN"},"content":{"rendered":"<div><\/div>\n<div>Este elegante rack de TV combina la <strong data-start=\"221\" data-end=\"247\">resistencia del hierro<\/strong> con la <strong data-start=\"255\" data-end=\"279\">calidez de la madera<\/strong>, ofreciendo una pieza funcional y decorativa para cualquier sala de estar. Su dise\u00f1o industrial y contempor\u00e1neo se adapta a diferentes estilos, desde lo r\u00fastico hasta lo moderno.<\/div>","protected":false},"excerpt":{"rendered":"<div>\n<div>\n<p>Medidas:<\/p>\n<ul>\n<li>Largo: 1.80 mts<\/li>\n<li>Alto: 55cm<\/li>\n<li>Ancho: 35 cm<\/li>\n<\/ul>\n<\/div>\n<\/div>","protected":false},"featured_media":22184,"comment_status":"open","ping_status":"closed","template":"","meta":{"_joinchat":[]},"product_brand":[],"product_cat":[173],"product_tag":[],"class_list":{"0":"post-22180","1":"product","2":"type-product","3":"status-publish","4":"has-post-thumbnail","6":"product_cat-mesas-auxiliares","8":"first","9":"instock","10":"shipping-taxable","11":"purchasable","12":"product-type-simple"},"_links":{"self":[{"href":"https:\/\/xn--puebladiseo-beb.com.ar\/en\/wp-json\/wp\/v2\/product\/22180","targetHints":{"allow":["GET"]}}],"collection":[{"href":"https:\/\/xn--puebladiseo-beb.com.ar\/en\/wp-json\/wp\/v2\/product"}],"about":[{"href":"https:\/\/xn--puebladiseo-beb.com.ar\/en\/wp-json\/wp\/v2\/types\/product"}],"replies":[{"embeddable":true,"href":"https:\/\/xn--puebladiseo-beb.com.ar\/en\/wp-json\/wp\/v2\/comments?post=22180"}],"wp:featuredmedia":[{"embeddable":true,"href":"https:\/\/xn--puebladiseo-beb.com.ar\/en\/wp-json\/wp\/v2\/media\/22184"}],"wp:attachment":[{"href":"https:\/\/xn--puebladiseo-beb.com.ar\/en\/wp-json\/wp\/v2\/media?parent=22180"}],"wp:term":[{"taxonomy":"product_brand","embeddable":true,"href":"https:\/\/xn--puebladiseo-beb.com.ar\/en\/wp-json\/wp\/v2\/product_brand?post=22180"},{"taxonomy":"product_cat","embeddable":true,"href":"https:\/\/xn--puebladiseo-beb.com.ar\/en\/wp-json\/wp\/v2\/product_cat?post=22180"},{"taxonomy":"product_tag","embeddable":true,"href":"https:\/\/xn--puebladiseo-beb.com.ar\/en\/wp-json\/wp\/v2\/product_tag?post=22180"}],"curies":[{"name":"wp","href":"https:\/\/api.w.org\/{rel}","templated":true}]}}