{"id":21841,"date":"2025-03-21T11:47:06","date_gmt":"2025-03-21T14:47:06","guid":{"rendered":"https:\/\/xn--puebladiseo-beb.com.ar\/?post_type=product&#038;p=21841"},"modified":"2026-05-07T22:06:39","modified_gmt":"2026-05-08T01:06:39","slug":"silla-pampa-con-apoyabrazos","status":"publish","type":"product","link":"https:\/\/xn--puebladiseo-beb.com.ar\/en\/product\/silla-pampa-con-apoyabrazos\/","title":{"rendered":"Silla PAMPA con apoyabrazos"},"content":{"rendered":"","protected":false},"excerpt":{"rendered":"<p>Te presentamos nuestra nueva <strong>silla PAMPA.<\/strong><br \/>\nUn dise\u00f1o muy original, s\u00f3lido y ergon\u00f3mico con apoyabrazos, ideal para la cabecera de una mesa.<br \/>\nFabricada con estructura de petiribi macizo laqueado en poliuretano. Respaldo en ca\u00f1o con tejido en cord\u00f3n de polipropileno y asiento tapizado.<br \/>\nC\u00f3mo siempre podes personalizar el color de tejido y tapizado.<\/p>\n<p>&nbsp;<\/p>\n<p><strong>Medidas<\/strong><br \/>\n50cm ancho<br \/>\n50cm prof<br \/>\n48 CM altonal asiento<br \/>\n90cm alto total<br \/>\n67cm alto al apoyabrazos<\/p>\n<p>&nbsp;<\/p>","protected":false},"featured_media":25639,"comment_status":"open","ping_status":"closed","template":"","meta":{"_joinchat":[]},"product_brand":[],"product_cat":[137],"product_tag":[],"class_list":{"0":"post-21841","1":"product","2":"type-product","3":"status-publish","4":"has-post-thumbnail","6":"product_cat-sillas-de-comedor","8":"first","9":"instock","10":"shipping-taxable","11":"purchasable","12":"product-type-variable"},"_links":{"self":[{"href":"https:\/\/xn--puebladiseo-beb.com.ar\/en\/wp-json\/wp\/v2\/product\/21841","targetHints":{"allow":["GET"]}}],"collection":[{"href":"https:\/\/xn--puebladiseo-beb.com.ar\/en\/wp-json\/wp\/v2\/product"}],"about":[{"href":"https:\/\/xn--puebladiseo-beb.com.ar\/en\/wp-json\/wp\/v2\/types\/product"}],"replies":[{"embeddable":true,"href":"https:\/\/xn--puebladiseo-beb.com.ar\/en\/wp-json\/wp\/v2\/comments?post=21841"}],"wp:featuredmedia":[{"embeddable":true,"href":"https:\/\/xn--puebladiseo-beb.com.ar\/en\/wp-json\/wp\/v2\/media\/25639"}],"wp:attachment":[{"href":"https:\/\/xn--puebladiseo-beb.com.ar\/en\/wp-json\/wp\/v2\/media?parent=21841"}],"wp:term":[{"taxonomy":"product_brand","embeddable":true,"href":"https:\/\/xn--puebladiseo-beb.com.ar\/en\/wp-json\/wp\/v2\/product_brand?post=21841"},{"taxonomy":"product_cat","embeddable":true,"href":"https:\/\/xn--puebladiseo-beb.com.ar\/en\/wp-json\/wp\/v2\/product_cat?post=21841"},{"taxonomy":"product_tag","embeddable":true,"href":"https:\/\/xn--puebladiseo-beb.com.ar\/en\/wp-json\/wp\/v2\/product_tag?post=21841"}],"curies":[{"name":"wp","href":"https:\/\/api.w.org\/{rel}","templated":true}]}}