{"id":21832,"date":"2025-03-21T11:46:20","date_gmt":"2025-03-21T14:46:20","guid":{"rendered":"https:\/\/xn--puebladiseo-beb.com.ar\/?post_type=product&#038;p=21832"},"modified":"2026-05-11T11:00:14","modified_gmt":"2026-05-11T14:00:14","slug":"silla-pampa","status":"publish","type":"product","link":"https:\/\/xn--puebladiseo-beb.com.ar\/en\/product\/silla-pampa\/","title":{"rendered":"Silla PAMPA"},"content":{"rendered":"<p>Te presentamos nuestra nueva silla PAMPA.<br \/>\nUn dise\u00f1o muy original, s\u00f3lido y ergon\u00f3mico.<br \/>\nFabricada con estructura de petiribi macizo laqueado en poliuretano.<br \/>\nRespaldo en ca\u00f1o con tejido en cord\u00f3n de polipropileno y asiento tapizado.<br \/>\nC\u00f3mo siempre podes personalizar el color de tejido y tapizado.<\/p>","protected":false},"excerpt":{"rendered":"<p><strong>Medidas:<\/strong><br \/>\n50cm ancho<br \/>\n50cm prof<br \/>\n48cm alto al asiento<br \/>\n90cm alto total<\/p>","protected":false},"featured_media":25599,"comment_status":"open","ping_status":"closed","template":"","meta":{"_joinchat":[]},"product_brand":[],"product_cat":[269,137],"product_tag":[],"class_list":{"0":"post-21832","1":"product","2":"type-product","3":"status-publish","4":"has-post-thumbnail","6":"product_cat-puebla-sale","7":"product_cat-sillas-de-comedor","9":"first","10":"instock","11":"sale","12":"shipping-taxable","13":"purchasable","14":"product-type-variable"},"_links":{"self":[{"href":"https:\/\/xn--puebladiseo-beb.com.ar\/en\/wp-json\/wp\/v2\/product\/21832","targetHints":{"allow":["GET"]}}],"collection":[{"href":"https:\/\/xn--puebladiseo-beb.com.ar\/en\/wp-json\/wp\/v2\/product"}],"about":[{"href":"https:\/\/xn--puebladiseo-beb.com.ar\/en\/wp-json\/wp\/v2\/types\/product"}],"replies":[{"embeddable":true,"href":"https:\/\/xn--puebladiseo-beb.com.ar\/en\/wp-json\/wp\/v2\/comments?post=21832"}],"wp:featuredmedia":[{"embeddable":true,"href":"https:\/\/xn--puebladiseo-beb.com.ar\/en\/wp-json\/wp\/v2\/media\/25599"}],"wp:attachment":[{"href":"https:\/\/xn--puebladiseo-beb.com.ar\/en\/wp-json\/wp\/v2\/media?parent=21832"}],"wp:term":[{"taxonomy":"product_brand","embeddable":true,"href":"https:\/\/xn--puebladiseo-beb.com.ar\/en\/wp-json\/wp\/v2\/product_brand?post=21832"},{"taxonomy":"product_cat","embeddable":true,"href":"https:\/\/xn--puebladiseo-beb.com.ar\/en\/wp-json\/wp\/v2\/product_cat?post=21832"},{"taxonomy":"product_tag","embeddable":true,"href":"https:\/\/xn--puebladiseo-beb.com.ar\/en\/wp-json\/wp\/v2\/product_tag?post=21832"}],"curies":[{"name":"wp","href":"https:\/\/api.w.org\/{rel}","templated":true}]}}