{"id":21525,"date":"2025-03-05T21:18:55","date_gmt":"2025-03-06T00:18:55","guid":{"rendered":"https:\/\/xn--puebladiseo-beb.com.ar\/?post_type=product&#038;p=21525"},"modified":"2026-04-17T09:31:37","modified_gmt":"2026-04-17T12:31:37","slug":"combo-2-poltrona-formentera-mesa","status":"publish","type":"product","link":"https:\/\/xn--puebladiseo-beb.com.ar\/en\/product\/combo-2-poltrona-formentera-mesa\/","title":{"rendered":"Combo 2 Poltrona Formentera + Mesa"},"content":{"rendered":"<p>MEDIDAS:<\/p>\n<p>MESA :<\/p>\n<p>ALTO 50CM<\/p>\n<p>DIAMETRO 55CM<\/p>\n<p>&nbsp;<\/p>\n<p>POLTRONA:<\/p>\n<p>PROFUNDIDAD 60 CM<\/p>\n<p>ANCHO 70 CM<\/p>\n<p>ALTO AL ASIENTO 45 CM CON ALMOHADON<\/p>\n<p>ALTO TOTAL 75 CM<\/p>\n<p>&nbsp;<\/p>","protected":false},"excerpt":{"rendered":"<p>Elegancia y confort en un mismo conjunto. Incluye <strong data-start=\"135\" data-end=\"165\" data-is-only-node=\"\">dos poltronas individuales<\/strong> + mesa NAPOLES , todos fabricados con estructura resistente y un dise\u00f1o vers\u00e1til que se adapta tanto a interiores como a exteriores. Sus l\u00edneas modernas y su tejido artesanal aportan calidez, mientras que su comodidad lo convierte en el rinc\u00f3n ideal para disfrutar momentos de relax solo o acompa\u00f1ado.<\/p>\n<p>&nbsp;<\/p>\n<p>&nbsp;<\/p>","protected":false},"featured_media":22987,"comment_status":"open","ping_status":"closed","template":"","meta":{"_joinchat":[]},"product_brand":[],"product_cat":[32,261,260,145],"product_tag":[],"class_list":{"0":"post-21525","1":"product","2":"type-product","3":"status-publish","4":"has-post-thumbnail","6":"product_cat-combos","7":"product_cat-combos-exterior","8":"product_cat-exterior","9":"product_cat-sillones-y-poltronas","11":"first","12":"instock","13":"sale","14":"shipping-taxable","15":"purchasable","16":"product-type-variable"},"_links":{"self":[{"href":"https:\/\/xn--puebladiseo-beb.com.ar\/en\/wp-json\/wp\/v2\/product\/21525","targetHints":{"allow":["GET"]}}],"collection":[{"href":"https:\/\/xn--puebladiseo-beb.com.ar\/en\/wp-json\/wp\/v2\/product"}],"about":[{"href":"https:\/\/xn--puebladiseo-beb.com.ar\/en\/wp-json\/wp\/v2\/types\/product"}],"replies":[{"embeddable":true,"href":"https:\/\/xn--puebladiseo-beb.com.ar\/en\/wp-json\/wp\/v2\/comments?post=21525"}],"wp:featuredmedia":[{"embeddable":true,"href":"https:\/\/xn--puebladiseo-beb.com.ar\/en\/wp-json\/wp\/v2\/media\/22987"}],"wp:attachment":[{"href":"https:\/\/xn--puebladiseo-beb.com.ar\/en\/wp-json\/wp\/v2\/media?parent=21525"}],"wp:term":[{"taxonomy":"product_brand","embeddable":true,"href":"https:\/\/xn--puebladiseo-beb.com.ar\/en\/wp-json\/wp\/v2\/product_brand?post=21525"},{"taxonomy":"product_cat","embeddable":true,"href":"https:\/\/xn--puebladiseo-beb.com.ar\/en\/wp-json\/wp\/v2\/product_cat?post=21525"},{"taxonomy":"product_tag","embeddable":true,"href":"https:\/\/xn--puebladiseo-beb.com.ar\/en\/wp-json\/wp\/v2\/product_tag?post=21525"}],"curies":[{"name":"wp","href":"https:\/\/api.w.org\/{rel}","templated":true}]}}