{"id":20978,"date":"2024-12-03T21:28:49","date_gmt":"2024-12-04T00:28:49","guid":{"rendered":"https:\/\/xn--puebladiseo-beb.com.ar\/?post_type=product&#038;p=20978"},"modified":"2026-01-02T16:48:35","modified_gmt":"2026-01-02T19:48:35","slug":"sillon-napoles","status":"publish","type":"product","link":"https:\/\/xn--puebladiseo-beb.com.ar\/en\/product\/sillon-napoles\/","title":{"rendered":"SILL\u00d3N NAPOLES"},"content":{"rendered":"<p>Te presentamos el nuevo SILL\u00d3N NAPOLES, m\u00f3dulos de 90&#215;90. Individual, Izquierdo, Central y Derecho. As\u00ed podes armar el juego como vos prefieras.<\/p>\n<p>La estructura est\u00e1 fabricada en ca\u00f1o, redondo o cuadrado, pintado a horno y la tapicer\u00eda es con espuma de alta densidad y tela outdoor.<\/p>\n<p>Los sillones Napoles son el aliado ideal para disfrutar de momentos en familia o con amigos.<\/p>","protected":false},"excerpt":{"rendered":"<p>ANCHO 90 cm<\/p>\n<p>PROFUNDO 90 cm<\/p>\n<p>ALTO 32 cm (al asiento)<\/p>\n<p>ALTO 55 cm (con almohad\u00f3n)<\/p>\n<p>(EL VALOR PUBLICADO ES POR M\u00d3DULO)<\/p>","protected":false},"featured_media":21029,"comment_status":"open","ping_status":"closed","template":"","meta":{"_joinchat":[]},"product_brand":[],"product_cat":[260,145],"product_tag":[],"class_list":{"0":"post-20978","1":"product","2":"type-product","3":"status-publish","4":"has-post-thumbnail","6":"product_cat-exterior","7":"product_cat-sillones-y-poltronas","9":"first","10":"instock","11":"shipping-taxable","12":"purchasable","13":"product-type-variable"},"_links":{"self":[{"href":"https:\/\/xn--puebladiseo-beb.com.ar\/en\/wp-json\/wp\/v2\/product\/20978","targetHints":{"allow":["GET"]}}],"collection":[{"href":"https:\/\/xn--puebladiseo-beb.com.ar\/en\/wp-json\/wp\/v2\/product"}],"about":[{"href":"https:\/\/xn--puebladiseo-beb.com.ar\/en\/wp-json\/wp\/v2\/types\/product"}],"replies":[{"embeddable":true,"href":"https:\/\/xn--puebladiseo-beb.com.ar\/en\/wp-json\/wp\/v2\/comments?post=20978"}],"wp:featuredmedia":[{"embeddable":true,"href":"https:\/\/xn--puebladiseo-beb.com.ar\/en\/wp-json\/wp\/v2\/media\/21029"}],"wp:attachment":[{"href":"https:\/\/xn--puebladiseo-beb.com.ar\/en\/wp-json\/wp\/v2\/media?parent=20978"}],"wp:term":[{"taxonomy":"product_brand","embeddable":true,"href":"https:\/\/xn--puebladiseo-beb.com.ar\/en\/wp-json\/wp\/v2\/product_brand?post=20978"},{"taxonomy":"product_cat","embeddable":true,"href":"https:\/\/xn--puebladiseo-beb.com.ar\/en\/wp-json\/wp\/v2\/product_cat?post=20978"},{"taxonomy":"product_tag","embeddable":true,"href":"https:\/\/xn--puebladiseo-beb.com.ar\/en\/wp-json\/wp\/v2\/product_tag?post=20978"}],"curies":[{"name":"wp","href":"https:\/\/api.w.org\/{rel}","templated":true}]}}