{"id":20825,"date":"2024-12-03T19:55:39","date_gmt":"2024-12-03T22:55:39","guid":{"rendered":"https:\/\/xn--puebladiseo-beb.com.ar\/?post_type=product&#038;p=20825"},"modified":"2026-05-11T10:41:28","modified_gmt":"2026-05-11T13:41:28","slug":"sillon-terra-doble","status":"publish","type":"product","link":"https:\/\/xn--puebladiseo-beb.com.ar\/en\/product\/sillon-terra-doble\/","title":{"rendered":"SILL\u00d3N TERRA DOBLE"},"content":{"rendered":"<p>Para completar el set de tus sue\u00f1os, el sill\u00f3n Terra DOBLE!<\/p>","protected":false},"excerpt":{"rendered":"<p>MEDIDAS:<\/p>\n<p>ALTO AL ASIENTO 40 CM<\/p>\n<p>ANCHO 140 CM<\/p>\n<p>PROFUNDO 70 CM<\/p>\n<div>\n<p>ESTRUCTURA DE CA\u00d1O Y BASE DE MADERA MACIZA DE PETIRIBI LAQUEADA<\/p>\n<\/div>\n<div>\n<div>\n<p>ALMOHADONES DE TELA IMPERMEABLE FIORE<\/p>\n<\/div>\n<div>\n<p>(Opcional, en los tejidos en KRAFT y CORDON, se pueden hacer nudos, como en la foto)<\/p>\n<\/div>\n<p>(CINTA y CORDON, aptos exterior. Tejido KRAFT, solo interior o techado, no intemperie)<\/p>\n<\/div>","protected":false},"featured_media":20619,"comment_status":"open","ping_status":"closed","template":"","meta":{"_joinchat":[]},"product_brand":[],"product_cat":[145],"product_tag":[],"class_list":{"0":"post-20825","1":"product","2":"type-product","3":"status-publish","4":"has-post-thumbnail","6":"product_cat-sillones-y-poltronas","8":"first","9":"instock","10":"sale","11":"shipping-taxable","12":"purchasable","13":"product-type-variable"},"_links":{"self":[{"href":"https:\/\/xn--puebladiseo-beb.com.ar\/en\/wp-json\/wp\/v2\/product\/20825","targetHints":{"allow":["GET"]}}],"collection":[{"href":"https:\/\/xn--puebladiseo-beb.com.ar\/en\/wp-json\/wp\/v2\/product"}],"about":[{"href":"https:\/\/xn--puebladiseo-beb.com.ar\/en\/wp-json\/wp\/v2\/types\/product"}],"replies":[{"embeddable":true,"href":"https:\/\/xn--puebladiseo-beb.com.ar\/en\/wp-json\/wp\/v2\/comments?post=20825"}],"wp:featuredmedia":[{"embeddable":true,"href":"https:\/\/xn--puebladiseo-beb.com.ar\/en\/wp-json\/wp\/v2\/media\/20619"}],"wp:attachment":[{"href":"https:\/\/xn--puebladiseo-beb.com.ar\/en\/wp-json\/wp\/v2\/media?parent=20825"}],"wp:term":[{"taxonomy":"product_brand","embeddable":true,"href":"https:\/\/xn--puebladiseo-beb.com.ar\/en\/wp-json\/wp\/v2\/product_brand?post=20825"},{"taxonomy":"product_cat","embeddable":true,"href":"https:\/\/xn--puebladiseo-beb.com.ar\/en\/wp-json\/wp\/v2\/product_cat?post=20825"},{"taxonomy":"product_tag","embeddable":true,"href":"https:\/\/xn--puebladiseo-beb.com.ar\/en\/wp-json\/wp\/v2\/product_tag?post=20825"}],"curies":[{"name":"wp","href":"https:\/\/api.w.org\/{rel}","templated":true}]}}