{"id":19012,"date":"2024-07-22T21:02:11","date_gmt":"2024-07-23T00:02:11","guid":{"rendered":"https:\/\/xn--puebladiseo-beb.com.ar\/?post_type=product&#038;p=19012"},"modified":"2026-01-02T16:49:03","modified_gmt":"2026-01-02T19:49:03","slug":"silla-paris","status":"publish","type":"product","link":"https:\/\/xn--puebladiseo-beb.com.ar\/en\/product\/silla-paris\/","title":{"rendered":"SILLA PARIS"},"content":{"rendered":"<p>De estilo moderno e industrial, fabricada \u00edntegramente en <strong data-start=\"155\" data-end=\"164\">chapa<\/strong>, lo que le brinda gran resistencia y durabilidad. Su dise\u00f1o vers\u00e1til la convierte en una opci\u00f3n ideal tanto para interiores como para exteriores, aportando personalidad y car\u00e1cter a comedores, bares o espacios gastron\u00f3micos.<\/p>\n<p>&nbsp;<\/p>","protected":false},"excerpt":{"rendered":"<p><strong>Medidas<\/strong><br \/>\nAlto total 93cm<br \/>\nAlto al asiento 51cm<br \/>\nAncho 46cm<br \/>\nProfundidad 55cm<\/p>\n<p>&nbsp;<\/p>","protected":false},"featured_media":22382,"comment_status":"open","ping_status":"closed","template":"","meta":{"_joinchat":{"telephone":"+541132622158","message_text":"\u00a1\u00a1Hoy es el dia para comprar {TITLE} a {PRICE} !!","message_send":"\u00a1Hola {SITE} tengo una consulta acerca de {TITLE}!"}},"product_brand":[],"product_cat":[260,137],"product_tag":[],"class_list":{"0":"post-19012","1":"product","2":"type-product","3":"status-publish","4":"has-post-thumbnail","6":"product_cat-exterior","7":"product_cat-sillas-de-comedor","9":"first","10":"instock","11":"shipping-taxable","12":"purchasable","13":"product-type-variable"},"_links":{"self":[{"href":"https:\/\/xn--puebladiseo-beb.com.ar\/en\/wp-json\/wp\/v2\/product\/19012","targetHints":{"allow":["GET"]}}],"collection":[{"href":"https:\/\/xn--puebladiseo-beb.com.ar\/en\/wp-json\/wp\/v2\/product"}],"about":[{"href":"https:\/\/xn--puebladiseo-beb.com.ar\/en\/wp-json\/wp\/v2\/types\/product"}],"replies":[{"embeddable":true,"href":"https:\/\/xn--puebladiseo-beb.com.ar\/en\/wp-json\/wp\/v2\/comments?post=19012"}],"wp:featuredmedia":[{"embeddable":true,"href":"https:\/\/xn--puebladiseo-beb.com.ar\/en\/wp-json\/wp\/v2\/media\/22382"}],"wp:attachment":[{"href":"https:\/\/xn--puebladiseo-beb.com.ar\/en\/wp-json\/wp\/v2\/media?parent=19012"}],"wp:term":[{"taxonomy":"product_brand","embeddable":true,"href":"https:\/\/xn--puebladiseo-beb.com.ar\/en\/wp-json\/wp\/v2\/product_brand?post=19012"},{"taxonomy":"product_cat","embeddable":true,"href":"https:\/\/xn--puebladiseo-beb.com.ar\/en\/wp-json\/wp\/v2\/product_cat?post=19012"},{"taxonomy":"product_tag","embeddable":true,"href":"https:\/\/xn--puebladiseo-beb.com.ar\/en\/wp-json\/wp\/v2\/product_tag?post=19012"}],"curies":[{"name":"wp","href":"https:\/\/api.w.org\/{rel}","templated":true}]}}