{"id":18330,"date":"2023-11-08T17:28:16","date_gmt":"2023-11-08T20:28:16","guid":{"rendered":"https:\/\/xn--puebladiseo-beb.com.ar\/?post_type=product&#038;p=18330"},"modified":"2026-05-11T11:00:15","modified_gmt":"2026-05-11T14:00:15","slug":"silla-habana","status":"publish","type":"product","link":"https:\/\/xn--puebladiseo-beb.com.ar\/en\/product\/silla-habana\/","title":{"rendered":"SILLA HABANA"},"content":{"rendered":"<ul>\n<li><strong>MEDIDAS<\/strong><br \/>\nProfundidad 50 cm<br \/>\nAncho 54 cm<br \/>\nAlto al asiento 48 cm<br \/>\nAlto total 78 cm<\/li>\n<\/ul>","protected":false},"excerpt":{"rendered":"<p>La silla Habana es un dise\u00f1o fabricado exclusivamente por Puebla Dise\u00f1o.<br \/>\nCuenta con un novedoso tejido en cord\u00f3n plano de polipropileno trenzado y asiento tapizado en g\u00e9nero Fiore (lavable, impermeable y antihongos) Adem\u00e1s tiene exquisitos detalles de terminaci\u00f3n, c\u00f3mo ser sus patas con terminaci\u00f3n c\u00f3nica ya sea en hierro o en madera.<\/p>","protected":false},"featured_media":21945,"comment_status":"open","ping_status":"closed","template":"","meta":{"_joinchat":[]},"product_brand":[],"product_cat":[260,269,137],"product_tag":[],"class_list":{"0":"post-18330","1":"product","2":"type-product","3":"status-publish","4":"has-post-thumbnail","6":"product_cat-exterior","7":"product_cat-puebla-sale","8":"product_cat-sillas-de-comedor","10":"first","11":"instock","12":"sale","13":"shipping-taxable","14":"purchasable","15":"product-type-variable"},"_links":{"self":[{"href":"https:\/\/xn--puebladiseo-beb.com.ar\/en\/wp-json\/wp\/v2\/product\/18330","targetHints":{"allow":["GET"]}}],"collection":[{"href":"https:\/\/xn--puebladiseo-beb.com.ar\/en\/wp-json\/wp\/v2\/product"}],"about":[{"href":"https:\/\/xn--puebladiseo-beb.com.ar\/en\/wp-json\/wp\/v2\/types\/product"}],"replies":[{"embeddable":true,"href":"https:\/\/xn--puebladiseo-beb.com.ar\/en\/wp-json\/wp\/v2\/comments?post=18330"}],"wp:featuredmedia":[{"embeddable":true,"href":"https:\/\/xn--puebladiseo-beb.com.ar\/en\/wp-json\/wp\/v2\/media\/21945"}],"wp:attachment":[{"href":"https:\/\/xn--puebladiseo-beb.com.ar\/en\/wp-json\/wp\/v2\/media?parent=18330"}],"wp:term":[{"taxonomy":"product_brand","embeddable":true,"href":"https:\/\/xn--puebladiseo-beb.com.ar\/en\/wp-json\/wp\/v2\/product_brand?post=18330"},{"taxonomy":"product_cat","embeddable":true,"href":"https:\/\/xn--puebladiseo-beb.com.ar\/en\/wp-json\/wp\/v2\/product_cat?post=18330"},{"taxonomy":"product_tag","embeddable":true,"href":"https:\/\/xn--puebladiseo-beb.com.ar\/en\/wp-json\/wp\/v2\/product_tag?post=18330"}],"curies":[{"name":"wp","href":"https:\/\/api.w.org\/{rel}","templated":true}]}}