{"id":18301,"date":"2023-11-08T17:28:16","date_gmt":"2023-11-08T20:28:16","guid":{"rendered":"https:\/\/xn--puebladiseo-beb.com.ar\/?post_type=product&#038;p=18301"},"modified":"2026-02-23T17:34:39","modified_gmt":"2026-02-23T20:34:39","slug":"silla-formentera","status":"publish","type":"product","link":"https:\/\/xn--puebladiseo-beb.com.ar\/en\/product\/silla-formentera\/","title":{"rendered":"SILLA FORMENTERA"},"content":{"rendered":"<p>Ancho: 53cm<br \/>\nAlto al asiento: 48 cm<br \/>\nAlto total: 78 cm<br \/>\nProfundidad: 57 cm<\/p>","protected":false},"excerpt":{"rendered":"<p>Silla <strong data-start=\"6\" data-end=\"20\">Formentera<\/strong> de <strong data-start=\"24\" data-end=\"41\">Puebla Dise\u00f1o<\/strong>.<br data-start=\"42\" data-end=\"45\" \/>Un dise\u00f1o elegante y vers\u00e1til que combina comodidad y estilo para espacios interiores. Su estructura met\u00e1lica en ca\u00f1o pintado a horno aporta resistencia y durabilidad, mientras que el respaldo tejido en soga crea una textura \u00fanica y artesanal. La silla Formentera es una pieza que equilibra dise\u00f1o contempor\u00e1neo con la calidez de lo hecho a mano.<\/p>","protected":false},"featured_media":21946,"comment_status":"open","ping_status":"closed","template":"","meta":{"_joinchat":[]},"product_brand":[],"product_cat":[260,137],"product_tag":[],"class_list":{"0":"post-18301","1":"product","2":"type-product","3":"status-publish","4":"has-post-thumbnail","6":"product_cat-exterior","7":"product_cat-sillas-de-comedor","9":"first","10":"instock","11":"sale","12":"shipping-taxable","13":"purchasable","14":"product-type-variable"},"_links":{"self":[{"href":"https:\/\/xn--puebladiseo-beb.com.ar\/en\/wp-json\/wp\/v2\/product\/18301","targetHints":{"allow":["GET"]}}],"collection":[{"href":"https:\/\/xn--puebladiseo-beb.com.ar\/en\/wp-json\/wp\/v2\/product"}],"about":[{"href":"https:\/\/xn--puebladiseo-beb.com.ar\/en\/wp-json\/wp\/v2\/types\/product"}],"replies":[{"embeddable":true,"href":"https:\/\/xn--puebladiseo-beb.com.ar\/en\/wp-json\/wp\/v2\/comments?post=18301"}],"wp:featuredmedia":[{"embeddable":true,"href":"https:\/\/xn--puebladiseo-beb.com.ar\/en\/wp-json\/wp\/v2\/media\/21946"}],"wp:attachment":[{"href":"https:\/\/xn--puebladiseo-beb.com.ar\/en\/wp-json\/wp\/v2\/media?parent=18301"}],"wp:term":[{"taxonomy":"product_brand","embeddable":true,"href":"https:\/\/xn--puebladiseo-beb.com.ar\/en\/wp-json\/wp\/v2\/product_brand?post=18301"},{"taxonomy":"product_cat","embeddable":true,"href":"https:\/\/xn--puebladiseo-beb.com.ar\/en\/wp-json\/wp\/v2\/product_cat?post=18301"},{"taxonomy":"product_tag","embeddable":true,"href":"https:\/\/xn--puebladiseo-beb.com.ar\/en\/wp-json\/wp\/v2\/product_tag?post=18301"}],"curies":[{"name":"wp","href":"https:\/\/api.w.org\/{rel}","templated":true}]}}