{"id":18252,"date":"2023-11-09T10:53:58","date_gmt":"2023-11-09T13:53:58","guid":{"rendered":"https:\/\/xn--puebladiseo-beb.com.ar\/?post_type=product&#038;p=18252"},"modified":"2026-01-02T16:49:53","modified_gmt":"2026-01-02T19:49:53","slug":"sofa-milan","status":"publish","type":"product","link":"https:\/\/xn--puebladiseo-beb.com.ar\/en\/product\/sofa-milan\/","title":{"rendered":"SOFA MILAN"},"content":{"rendered":"<p><strong>MEDIDAS<\/strong><\/p>\n<p>ANCHO 160CM<\/p>\n<p>ALTO AL ASIENTO 44 CM<\/p>\n<p>ALTO TOTAL 80 CM<\/p>\n<p>PROFUNDIDAD 85 CM<\/p>\n<p>&nbsp;<\/p>\n<p>&nbsp;<\/p>\n<p>&nbsp;<\/p>","protected":false},"excerpt":{"rendered":"<p>El sof\u00e1 Milan, es un producto exclusivo de Puebla Dise\u00f1o. Estructura met\u00e1lica en ca\u00f1o estructural redondo pintado a horno, con un delicado entramado en cordon plano que aporta dise\u00f1o y resistencia. Sus almohadones de alta densidad amplios y confortables en tono natural est\u00e1n confeccionados en <strong data-start=\"233\" data-end=\"253\">tela impermeable<\/strong>, ideal para uso en exteriores. Su est\u00e9tica moderna y elegante lo convierte en una pieza perfecta para ambientar galer\u00edas, quinchos, terrazas o el sector de la piscina, combinando confort, durabilidad y estilo en un mismo producto.<\/p>\n<p>&nbsp;<\/p>\n<p>&nbsp;<\/p>","protected":false},"featured_media":21481,"comment_status":"open","ping_status":"closed","template":"","meta":{"_joinchat":[]},"product_brand":[],"product_cat":[260,145],"product_tag":[],"class_list":{"0":"post-18252","1":"product","2":"type-product","3":"status-publish","4":"has-post-thumbnail","6":"product_cat-exterior","7":"product_cat-sillones-y-poltronas","9":"first","10":"instock","11":"sale","12":"shipping-taxable","13":"purchasable","14":"product-type-variable"},"_links":{"self":[{"href":"https:\/\/xn--puebladiseo-beb.com.ar\/en\/wp-json\/wp\/v2\/product\/18252","targetHints":{"allow":["GET"]}}],"collection":[{"href":"https:\/\/xn--puebladiseo-beb.com.ar\/en\/wp-json\/wp\/v2\/product"}],"about":[{"href":"https:\/\/xn--puebladiseo-beb.com.ar\/en\/wp-json\/wp\/v2\/types\/product"}],"replies":[{"embeddable":true,"href":"https:\/\/xn--puebladiseo-beb.com.ar\/en\/wp-json\/wp\/v2\/comments?post=18252"}],"wp:featuredmedia":[{"embeddable":true,"href":"https:\/\/xn--puebladiseo-beb.com.ar\/en\/wp-json\/wp\/v2\/media\/21481"}],"wp:attachment":[{"href":"https:\/\/xn--puebladiseo-beb.com.ar\/en\/wp-json\/wp\/v2\/media?parent=18252"}],"wp:term":[{"taxonomy":"product_brand","embeddable":true,"href":"https:\/\/xn--puebladiseo-beb.com.ar\/en\/wp-json\/wp\/v2\/product_brand?post=18252"},{"taxonomy":"product_cat","embeddable":true,"href":"https:\/\/xn--puebladiseo-beb.com.ar\/en\/wp-json\/wp\/v2\/product_cat?post=18252"},{"taxonomy":"product_tag","embeddable":true,"href":"https:\/\/xn--puebladiseo-beb.com.ar\/en\/wp-json\/wp\/v2\/product_tag?post=18252"}],"curies":[{"name":"wp","href":"https:\/\/api.w.org\/{rel}","templated":true}]}}