{"id":17501,"date":"2022-10-10T04:56:53","date_gmt":"2022-10-10T07:56:53","guid":{"rendered":"https:\/\/xn--puebladiseo-beb.com.ar\/?post_type=product&#038;p=17501"},"modified":"2026-01-02T16:53:05","modified_gmt":"2026-01-02T19:53:05","slug":"camastro-formentera","status":"publish","type":"product","link":"https:\/\/xn--puebladiseo-beb.com.ar\/en\/product\/camastro-formentera\/","title":{"rendered":"CAMASTRO FORMENTERA"},"content":{"rendered":"<p>MEDIDAS<\/p>\n<p>DIAMETRO 150 CM<\/p>\n<p>ALTO AL ASIENTO 35 CM CON COLCHONETA<\/p>\n<p>ALTO TOTAL 75 CM<\/p>\n<p>RESPALDO TEJIDO ENTRELAZADO<\/p>\n<p>CA\u00d1O ESTRUCTURAL REDONDO DE PRIMERA CALIDAD DE 1 1\/4&#8243;<\/p>\n<p>PINTURA ELECTROESTATICA EPOXI CON ACABADO A HORNO<\/p>\n<p>COLCHONETA DE ALTA DENSIDAD TAPIZADO EN LONA DE EXTERIOR FIORE<\/p>\n<p>CORDON PLANO DE POLIPROPILENO TRENZADO DE ALTA RESISTENCIA<\/p>","protected":false},"excerpt":{"rendered":"<p>El camastro Formentera es un producto original de Puebla Dise\u00f1o. Cuenta con un sofisticado y atractivo dise\u00f1o que a su vez tiene una comodidad unica. Incluye colchoneta de alta densidad de 10 cm de espesor con tapicer\u00eda en lona de exterior.<\/p>","protected":false},"featured_media":21386,"comment_status":"open","ping_status":"closed","template":"","meta":{"_joinchat":[]},"product_brand":[],"product_cat":[260,172],"product_tag":[179],"class_list":{"0":"post-17501","1":"product","2":"type-product","3":"status-publish","4":"has-post-thumbnail","6":"product_cat-exterior","7":"product_cat-reposeras-y-camastros","8":"product_tag-formentera","10":"first","11":"instock","12":"shipping-taxable","13":"purchasable","14":"product-type-variable"},"_links":{"self":[{"href":"https:\/\/xn--puebladiseo-beb.com.ar\/en\/wp-json\/wp\/v2\/product\/17501","targetHints":{"allow":["GET"]}}],"collection":[{"href":"https:\/\/xn--puebladiseo-beb.com.ar\/en\/wp-json\/wp\/v2\/product"}],"about":[{"href":"https:\/\/xn--puebladiseo-beb.com.ar\/en\/wp-json\/wp\/v2\/types\/product"}],"replies":[{"embeddable":true,"href":"https:\/\/xn--puebladiseo-beb.com.ar\/en\/wp-json\/wp\/v2\/comments?post=17501"}],"wp:featuredmedia":[{"embeddable":true,"href":"https:\/\/xn--puebladiseo-beb.com.ar\/en\/wp-json\/wp\/v2\/media\/21386"}],"wp:attachment":[{"href":"https:\/\/xn--puebladiseo-beb.com.ar\/en\/wp-json\/wp\/v2\/media?parent=17501"}],"wp:term":[{"taxonomy":"product_brand","embeddable":true,"href":"https:\/\/xn--puebladiseo-beb.com.ar\/en\/wp-json\/wp\/v2\/product_brand?post=17501"},{"taxonomy":"product_cat","embeddable":true,"href":"https:\/\/xn--puebladiseo-beb.com.ar\/en\/wp-json\/wp\/v2\/product_cat?post=17501"},{"taxonomy":"product_tag","embeddable":true,"href":"https:\/\/xn--puebladiseo-beb.com.ar\/en\/wp-json\/wp\/v2\/product_tag?post=17501"}],"curies":[{"name":"wp","href":"https:\/\/api.w.org\/{rel}","templated":true}]}}