{"id":16480,"date":"2022-09-19T14:17:10","date_gmt":"2022-09-19T17:17:10","guid":{"rendered":"https:\/\/xn--puebladiseo-beb.com.ar\/producto\/sillon-frog\/"},"modified":"2026-01-02T17:00:21","modified_gmt":"2026-01-02T20:00:21","slug":"sillon-frog","status":"publish","type":"product","link":"https:\/\/xn--puebladiseo-beb.com.ar\/en\/product\/sillon-frog\/","title":{"rendered":"SILLON FROG"},"content":{"rendered":"<p>Un cl\u00e1sico italiano de los a\u00f1os 90, ahora al alcance de tus posibilidades.<\/p>\n<p>El sill\u00f3n Frog es un objeto de un dise\u00f1o y comodidad \u00fanicos.<\/p>\n<p>Apto tanto para interior como para exterior, tejido en sogas sint\u00e9ticas as\u00ed como en cord\u00f3n kraft<\/p>\n<p>Su armaz\u00f3n est\u00e1 fabricado en ca\u00f1o estructural redondo de alta resistencia, tratado con pintura epoxi con acabado a horno y tejido entrelazado realizado artesanalmente.<\/p>","protected":false},"excerpt":{"rendered":"<p>MEDIDAS:<\/p>\n<p>ALTO TOTAL 77 CM<\/p>\n<p>ANCHO 80 CM<\/p>\n<p>PROFUNDO 90 CM<\/p>\n<p>ALTO AL ASIENTO 30 CM<\/p>\n<p>CA\u00d1O DE PRIMERA CALIDAD DE 1&#8243;<\/p>\n<p>PINTURA ELECTROESTATICA EPOXI CON ACABADO A HORNO<\/p>\n<p>SOGA DE POLIPROPILENO DE ALTA RESISTENCIA \/ KRAFT(no apto exterior)<\/p>","protected":false},"featured_media":17360,"comment_status":"open","ping_status":"closed","template":"","meta":{"_joinchat":[]},"product_brand":[],"product_cat":[260,145],"product_tag":[],"class_list":{"0":"post-16480","1":"product","2":"type-product","3":"status-publish","4":"has-post-thumbnail","6":"product_cat-exterior","7":"product_cat-sillones-y-poltronas","9":"first","10":"instock","11":"shipping-taxable","12":"purchasable","13":"product-type-variable"},"_links":{"self":[{"href":"https:\/\/xn--puebladiseo-beb.com.ar\/en\/wp-json\/wp\/v2\/product\/16480","targetHints":{"allow":["GET"]}}],"collection":[{"href":"https:\/\/xn--puebladiseo-beb.com.ar\/en\/wp-json\/wp\/v2\/product"}],"about":[{"href":"https:\/\/xn--puebladiseo-beb.com.ar\/en\/wp-json\/wp\/v2\/types\/product"}],"replies":[{"embeddable":true,"href":"https:\/\/xn--puebladiseo-beb.com.ar\/en\/wp-json\/wp\/v2\/comments?post=16480"}],"wp:featuredmedia":[{"embeddable":true,"href":"https:\/\/xn--puebladiseo-beb.com.ar\/en\/wp-json\/wp\/v2\/media\/17360"}],"wp:attachment":[{"href":"https:\/\/xn--puebladiseo-beb.com.ar\/en\/wp-json\/wp\/v2\/media?parent=16480"}],"wp:term":[{"taxonomy":"product_brand","embeddable":true,"href":"https:\/\/xn--puebladiseo-beb.com.ar\/en\/wp-json\/wp\/v2\/product_brand?post=16480"},{"taxonomy":"product_cat","embeddable":true,"href":"https:\/\/xn--puebladiseo-beb.com.ar\/en\/wp-json\/wp\/v2\/product_cat?post=16480"},{"taxonomy":"product_tag","embeddable":true,"href":"https:\/\/xn--puebladiseo-beb.com.ar\/en\/wp-json\/wp\/v2\/product_tag?post=16480"}],"curies":[{"name":"wp","href":"https:\/\/api.w.org\/{rel}","templated":true}]}}