{"id":16477,"date":"2022-09-19T14:17:09","date_gmt":"2022-09-19T17:17:09","guid":{"rendered":"https:\/\/xn--puebladiseo-beb.com.ar\/producto\/sillon-individual-dante\/"},"modified":"2026-01-02T17:04:18","modified_gmt":"2026-01-02T20:04:18","slug":"sillon-individual-dante","status":"publish","type":"product","link":"https:\/\/xn--puebladiseo-beb.com.ar\/en\/product\/sillon-individual-dante\/","title":{"rendered":"SILLON INDIVIDUAL DANTE"},"content":{"rendered":"<p>En la terraza, el living o el balc\u00f3n, el sill\u00f3n Dante es la opci\u00f3n indicada para tu descanso.<\/p>\n<p>Disfruta de toda la comodidad y el dise\u00f1o que aporta el tejido en sogas sint\u00e9ticas.<\/p>","protected":false},"excerpt":{"rendered":"<p>MEDIDAS:<\/p>\n<p>ALTO TOTAL 76 CM<\/p>\n<p>ANCHO 70 CM<\/p>\n<p>PROFUNDO 70 CM<\/p>\n<p>ALTO AL ASIENTO 35 CM<\/p>\n<p>CA\u00d1O DE PRIMERA CALIDAD DE 3\/4&#8243;<\/p>\n<p>PINTURA ELECTROESTATICA EPOXI CON ACABADO A HORNO<\/p>\n<p>SOGA DE POLIPROPILENO DE ALTA RESISTENCIA<\/p>\n<p>(no incluye almohadones)<\/p>","protected":false},"featured_media":17233,"comment_status":"open","ping_status":"closed","template":"","meta":{"_joinchat":[]},"product_brand":[],"product_cat":[260,145],"product_tag":[],"class_list":{"0":"post-16477","1":"product","2":"type-product","3":"status-publish","4":"has-post-thumbnail","6":"product_cat-exterior","7":"product_cat-sillones-y-poltronas","9":"first","10":"instock","11":"shipping-taxable","12":"purchasable","13":"product-type-variable"},"_links":{"self":[{"href":"https:\/\/xn--puebladiseo-beb.com.ar\/en\/wp-json\/wp\/v2\/product\/16477","targetHints":{"allow":["GET"]}}],"collection":[{"href":"https:\/\/xn--puebladiseo-beb.com.ar\/en\/wp-json\/wp\/v2\/product"}],"about":[{"href":"https:\/\/xn--puebladiseo-beb.com.ar\/en\/wp-json\/wp\/v2\/types\/product"}],"replies":[{"embeddable":true,"href":"https:\/\/xn--puebladiseo-beb.com.ar\/en\/wp-json\/wp\/v2\/comments?post=16477"}],"wp:featuredmedia":[{"embeddable":true,"href":"https:\/\/xn--puebladiseo-beb.com.ar\/en\/wp-json\/wp\/v2\/media\/17233"}],"wp:attachment":[{"href":"https:\/\/xn--puebladiseo-beb.com.ar\/en\/wp-json\/wp\/v2\/media?parent=16477"}],"wp:term":[{"taxonomy":"product_brand","embeddable":true,"href":"https:\/\/xn--puebladiseo-beb.com.ar\/en\/wp-json\/wp\/v2\/product_brand?post=16477"},{"taxonomy":"product_cat","embeddable":true,"href":"https:\/\/xn--puebladiseo-beb.com.ar\/en\/wp-json\/wp\/v2\/product_cat?post=16477"},{"taxonomy":"product_tag","embeddable":true,"href":"https:\/\/xn--puebladiseo-beb.com.ar\/en\/wp-json\/wp\/v2\/product_tag?post=16477"}],"curies":[{"name":"wp","href":"https:\/\/api.w.org\/{rel}","templated":true}]}}