{"id":16460,"date":"2022-09-19T14:17:06","date_gmt":"2022-09-19T17:17:06","guid":{"rendered":"https:\/\/xn--puebladiseo-beb.com.ar\/producto\/silla-nina-kraft\/"},"modified":"2026-05-11T11:00:15","modified_gmt":"2026-05-11T14:00:15","slug":"silla-nina-kraft","status":"publish","type":"product","link":"https:\/\/xn--puebladiseo-beb.com.ar\/en\/product\/silla-nina-kraft\/","title":{"rendered":"SILLA NINA KRAFT"},"content":{"rendered":"<p>Banqueta <strong data-start=\"9\" data-end=\"17\">NINA<\/strong> de <strong data-start=\"21\" data-end=\"38\">Puebla Dise\u00f1o<\/strong>.<br data-start=\"39\" data-end=\"42\" \/>Dise\u00f1o contempor\u00e1neo con <strong data-start=\"67\" data-end=\"91\">estructura de hierro<\/strong> que garantiza solidez y durabilidad, combinada con un exclusivo <strong data-start=\"156\" data-end=\"191\">tejido artesanal en papel kraft<\/strong>, que aporta calidez y un estilo natural \u00fanico. Vers\u00e1til y elegante, es perfecta para barras de cocina, comedores modernos o proyectos gastron\u00f3micos, destac\u00e1ndose por su resistencia y dise\u00f1o exclusivo.<\/p>","protected":false},"excerpt":{"rendered":"<p>MEDIDAS:<\/p>\n<p>ALTO TOTAL 85 CM<\/p>\n<p>ANCHO 44 CM<\/p>\n<p>PROFUNDO 55 CM<\/p>\n<p>ALTO AL ASIENTO 50 CM<\/p>\n<p>HIERRO DE PRIMERA CALIDAD DE 1\/2&#8243;<\/p>\n<p>PINTURA ELECTROESTATICA EPOXI CON ACABADO A HORNO<\/p>\n<p>TEJIDO EN HILO DE PAPEL KRAFT<\/p>","protected":false},"featured_media":17223,"comment_status":"open","ping_status":"closed","template":"","meta":{"_joinchat":[]},"product_brand":[],"product_cat":[269,137],"product_tag":[],"class_list":{"0":"post-16460","1":"product","2":"type-product","3":"status-publish","4":"has-post-thumbnail","6":"product_cat-puebla-sale","7":"product_cat-sillas-de-comedor","9":"first","10":"instock","11":"sale","12":"shipping-taxable","13":"purchasable","14":"product-type-variable"},"_links":{"self":[{"href":"https:\/\/xn--puebladiseo-beb.com.ar\/en\/wp-json\/wp\/v2\/product\/16460","targetHints":{"allow":["GET"]}}],"collection":[{"href":"https:\/\/xn--puebladiseo-beb.com.ar\/en\/wp-json\/wp\/v2\/product"}],"about":[{"href":"https:\/\/xn--puebladiseo-beb.com.ar\/en\/wp-json\/wp\/v2\/types\/product"}],"replies":[{"embeddable":true,"href":"https:\/\/xn--puebladiseo-beb.com.ar\/en\/wp-json\/wp\/v2\/comments?post=16460"}],"wp:featuredmedia":[{"embeddable":true,"href":"https:\/\/xn--puebladiseo-beb.com.ar\/en\/wp-json\/wp\/v2\/media\/17223"}],"wp:attachment":[{"href":"https:\/\/xn--puebladiseo-beb.com.ar\/en\/wp-json\/wp\/v2\/media?parent=16460"}],"wp:term":[{"taxonomy":"product_brand","embeddable":true,"href":"https:\/\/xn--puebladiseo-beb.com.ar\/en\/wp-json\/wp\/v2\/product_brand?post=16460"},{"taxonomy":"product_cat","embeddable":true,"href":"https:\/\/xn--puebladiseo-beb.com.ar\/en\/wp-json\/wp\/v2\/product_cat?post=16460"},{"taxonomy":"product_tag","embeddable":true,"href":"https:\/\/xn--puebladiseo-beb.com.ar\/en\/wp-json\/wp\/v2\/product_tag?post=16460"}],"curies":[{"name":"wp","href":"https:\/\/api.w.org\/{rel}","templated":true}]}}