{"id":4783,"date":"2021-06-28T16:22:41","date_gmt":"2021-06-28T19:22:41","guid":{"rendered":"https:\/\/xn--puebladiseo-beb.com.ar\/?page_id=4783"},"modified":"2025-03-10T16:05:43","modified_gmt":"2025-03-10T19:05:43","slug":"ventas-mayoristas","status":"publish","type":"page","link":"https:\/\/xn--puebladiseo-beb.com.ar\/en\/ventas-mayoristas\/","title":{"rendered":"Ventas Mayoristas"},"content":{"rendered":"<div class=\"banner has-hover\" id=\"banner-633683061\">\n          <div class=\"banner-inner fill\">\n        <div class=\"banner-bg fill\" >\n            <div class=\"bg fill bg-fill\"><\/div>\n                                    \n                    <\/div>\n\t\t\n        <div class=\"banner-layers container\">\n            <div class=\"fill banner-link\"><\/div>            \n   <div id=\"text-box-858951618\" class=\"text-box banner-layer x50 md-x50 lg-x50 y50 md-y50 lg-y50 res-text\">\n                                <div class=\"text-box-content text dark\">\n              \n              <div class=\"text-inner text-center\">\n                  \n<h1>Venta<br \/>Mayorista<\/h1>\n              <\/div>\n           <\/div>\n                            \n<style>\n#text-box-858951618 {\n  width: 60%;\n}\n#text-box-858951618 .text-box-content {\n  font-size: 100%;\n}\n<\/style>\n    <\/div>\n \n        <\/div>\n      <\/div>\n\n            \n<style>\n#banner-633683061 {\n  padding-top: 250px;\n}\n#banner-633683061 .bg.bg-loaded {\n  background-image: url(https:\/\/xn--puebladiseo-beb.com.ar\/wp-content\/uploads\/2021\/08\/head.jpg);\n}\n<\/style>\n  <\/div>\n\n\n\t<div id=\"gap-1509208196\" class=\"gap-element clearfix\" style=\"display:block; height:auto;\">\n\t\t\n<style>\n#gap-1509208196 {\n  padding-top: 30px;\n}\n<\/style>\n\t<\/div>\n\t\n\t<section class=\"section\" id=\"section_1580281485\">\n\t\t<div class=\"bg section-bg fill bg-fill  bg-loaded\" >\n\n\t\t\t\n\t\t\t\n\t\t\t\n\n\t\t<\/div>\n\n\t\t\n\n\t\t<div class=\"section-content relative\">\n\t\t\t\n<div class=\"row align-middle\" style=\"max-width:1080px\" id=\"row-189043067\">\n\n\t<div id=\"col-806548666\" class=\"col medium-6 small-12 large-6\"  >\n\t\t\t\t<div class=\"col-inner\"  >\n\t\t\t\n\t\t\t\n<div class=\"et_pb_module et_pb_text et_pb_text_1  et_pb_text_align_left et_pb_bg_layout_light\">\n<div class=\"et_pb_text_inner\">\n<p>Desde hace <strong>m\u00e1s de 4 a\u00f1os<\/strong> en <strong>Puebla Dise\u00f1o<\/strong> fabricamos mobiliario de alta calidad, ofreciendo soluciones decorativas a cada persona que nos elige. Desde entonces hemos sabido abastecer un gran n\u00famero de clientes, tanto consumidores finales, c\u00f3mo grandes cadenas de muebles y objetos de decoraci\u00f3n.<\/p>\n<p>Contamos con una atractiva l\u00ednea de productos de fabricaci\u00f3n en serie que garantizan la calidad y detalles en terminaciones que se convierten en una necesidad al momento de abastecer tu negocio.<br \/>Nuestros productos tienen un alto nivel de penetraci\u00f3n en el mercado, con lo cual son una apuesta segura garantizando la alta rotaci\u00f3n de los mismos.<\/p>\n<\/div>\n<\/div>\n\t\t<\/div>\n\t\t\t\t\t<\/div>\n\n\t\n\n\t<div id=\"col-2069698488\" class=\"col medium-6 small-12 large-6\"  >\n\t\t\t\t<div class=\"col-inner box-shadow-3 text-shadow-1\" style=\"background-color:rgb(250, 250, 250);\" >\n\t\t\t\n\t<div class=\"is-border\"\n\t\tstyle=\"border-width:0px 0px 0px 0px;\">\n\t<\/div>\n\t\t\t\n\t<div id=\"gap-1081611119\" class=\"gap-element clearfix\" style=\"display:block; height:auto;\">\n\t\t\n<style>\n#gap-1081611119 {\n  padding-top: 20px;\n}\n<\/style>\n\t<\/div>\n\t\n<h2>Por qu\u00e9 elegirnos<\/h2>\n\t<div id=\"gap-234729744\" class=\"gap-element clearfix\" style=\"display:block; height:auto;\">\n\t\t\n<style>\n#gap-234729744 {\n  padding-top: 50px;\n}\n<\/style>\n\t<\/div>\n\t\n<ul>\n<li>\n<h4>FABRICACI\u00d3N EN SERIE<\/h4>\n<\/li>\n<li>\n<h4>EST\u00c1NDARES DE CALIDAD<\/h4>\n<\/li>\n<li>\n<h4>ENTREGAS GARANTIZADAS<\/h4>\n<\/li>\n<li>\n<h4>PRODUCTOS DE ALTA ROTACI\u00d3N<\/h4>\n<\/li>\n<\/ul>\n\t<div id=\"gap-1395640245\" class=\"gap-element clearfix\" style=\"display:block; height:auto;\">\n\t\t\n<style>\n#gap-1395640245 {\n  padding-top: 30px;\n}\n<\/style>\n\t<\/div>\n\t\n\t\t<\/div>\n\t\t\t\t\n<style>\n#col-2069698488 > .col-inner {\n  padding: 0px 0px 0px 25px;\n}\n<\/style>\n\t<\/div>\n\n\t\n<\/div>\n\t\t<\/div>\n\n\t\t\n<style>\n#section_1580281485 {\n  padding-top: 30px;\n  padding-bottom: 30px;\n}\n<\/style>\n\t<\/section>\n\t\n\t<section class=\"section\" id=\"section_271831158\">\n\t\t<div class=\"bg section-bg fill bg-fill  bg-loaded\" >\n\n\t\t\t\n\t\t\t\n\t\t\t\n\n\t\t<\/div>\n\n\t\t\n\n\t\t<div class=\"section-content relative\">\n\t\t\t\n<div class=\"row align-middle\" style=\"max-width:1080px\" id=\"row-499203580\">\n\n\t<div id=\"col-164878998\" class=\"col medium-3 small-12 large-3\"  >\n\t\t\t\t<div class=\"col-inner\"  >\n\t\t\t\n\t\t\t\n\t<div class=\"img has-hover x md-x lg-x y md-y lg-y\" id=\"image_1443709942\">\n\t\t\t\t\t\t\t\t<div class=\"img-inner image-cover dark\" style=\"padding-top:75%;\">\n\t\t\t<img decoding=\"async\" width=\"864\" height=\"1296\" data-src=\"https:\/\/xn--puebladiseo-beb.com.ar\/wp-content\/uploads\/2025\/03\/b5ee36a6-effb-46bb-b229-a5a5da52aba1.jpg\" class=\"attachment-original size-original lazyload\" alt=\"\" data-srcset=\"https:\/\/xn--puebladiseo-beb.com.ar\/wp-content\/uploads\/2025\/03\/b5ee36a6-effb-46bb-b229-a5a5da52aba1.jpg 864w, https:\/\/xn--puebladiseo-beb.com.ar\/wp-content\/uploads\/2025\/03\/b5ee36a6-effb-46bb-b229-a5a5da52aba1-200x300.jpg 200w, https:\/\/xn--puebladiseo-beb.com.ar\/wp-content\/uploads\/2025\/03\/b5ee36a6-effb-46bb-b229-a5a5da52aba1-683x1024.jpg 683w, https:\/\/xn--puebladiseo-beb.com.ar\/wp-content\/uploads\/2025\/03\/b5ee36a6-effb-46bb-b229-a5a5da52aba1-768x1152.jpg 768w, https:\/\/xn--puebladiseo-beb.com.ar\/wp-content\/uploads\/2025\/03\/b5ee36a6-effb-46bb-b229-a5a5da52aba1-510x765.jpg 510w, https:\/\/xn--puebladiseo-beb.com.ar\/wp-content\/uploads\/2025\/03\/b5ee36a6-effb-46bb-b229-a5a5da52aba1-64x96.jpg 64w\" data-sizes=\"(max-width: 864px) 100vw, 864px\" src=\"data:image\/svg+xml;base64,PHN2ZyB3aWR0aD0iMSIgaGVpZ2h0PSIxIiB4bWxucz0iaHR0cDovL3d3dy53My5vcmcvMjAwMC9zdmciPjwvc3ZnPg==\" style=\"--smush-placeholder-width: 864px; --smush-placeholder-aspect-ratio: 864\/1296;\" \/>\t\t\t\t\t\t\n\t\t\t\t\t<\/div>\n\t\t\t\t\t\t\t\t\n<style>\n#image_1443709942 {\n  width: 100%;\n}\n<\/style>\n\t<\/div>\n\t\n\t<div class=\"img has-hover x md-x lg-x y md-y lg-y\" id=\"image_1331653931\">\n\t\t\t\t\t\t\t\t<div class=\"img-inner image-cover dark\" style=\"padding-top:75%;\">\n\t\t\t<img decoding=\"async\" width=\"1600\" height=\"921\" data-src=\"https:\/\/xn--puebladiseo-beb.com.ar\/wp-content\/uploads\/2025\/03\/22f24678-da22-4b6b-9f2a-5121b5c17296.jpg\" class=\"attachment-original size-original lazyload\" alt=\"\" data-srcset=\"https:\/\/xn--puebladiseo-beb.com.ar\/wp-content\/uploads\/2025\/03\/22f24678-da22-4b6b-9f2a-5121b5c17296.jpg 1600w, https:\/\/xn--puebladiseo-beb.com.ar\/wp-content\/uploads\/2025\/03\/22f24678-da22-4b6b-9f2a-5121b5c17296-300x173.jpg 300w, https:\/\/xn--puebladiseo-beb.com.ar\/wp-content\/uploads\/2025\/03\/22f24678-da22-4b6b-9f2a-5121b5c17296-1024x589.jpg 1024w, https:\/\/xn--puebladiseo-beb.com.ar\/wp-content\/uploads\/2025\/03\/22f24678-da22-4b6b-9f2a-5121b5c17296-768x442.jpg 768w, https:\/\/xn--puebladiseo-beb.com.ar\/wp-content\/uploads\/2025\/03\/22f24678-da22-4b6b-9f2a-5121b5c17296-1536x884.jpg 1536w, https:\/\/xn--puebladiseo-beb.com.ar\/wp-content\/uploads\/2025\/03\/22f24678-da22-4b6b-9f2a-5121b5c17296-510x294.jpg 510w, https:\/\/xn--puebladiseo-beb.com.ar\/wp-content\/uploads\/2025\/03\/22f24678-da22-4b6b-9f2a-5121b5c17296-64x37.jpg 64w\" data-sizes=\"(max-width: 1600px) 100vw, 1600px\" src=\"data:image\/svg+xml;base64,PHN2ZyB3aWR0aD0iMSIgaGVpZ2h0PSIxIiB4bWxucz0iaHR0cDovL3d3dy53My5vcmcvMjAwMC9zdmciPjwvc3ZnPg==\" style=\"--smush-placeholder-width: 1600px; --smush-placeholder-aspect-ratio: 1600\/921;\" \/>\t\t\t\t\t\t\n\t\t\t\t\t<\/div>\n\t\t\t\t\t\t\t\t\n<style>\n#image_1331653931 {\n  width: 100%;\n}\n<\/style>\n\t<\/div>\n\t\n\t<div class=\"img has-hover x md-x lg-x y md-y lg-y\" id=\"image_1710312094\">\n\t\t\t\t\t\t\t\t<div class=\"img-inner image-cover dark\" style=\"padding-top:75%;\">\n\t\t\t<img decoding=\"async\" width=\"1600\" height=\"888\" data-src=\"https:\/\/xn--puebladiseo-beb.com.ar\/wp-content\/uploads\/2025\/03\/5c78de3e-93d1-49a3-a12f-74b96c15d951.jpg\" class=\"attachment-original size-original lazyload\" alt=\"\" data-srcset=\"https:\/\/xn--puebladiseo-beb.com.ar\/wp-content\/uploads\/2025\/03\/5c78de3e-93d1-49a3-a12f-74b96c15d951.jpg 1600w, https:\/\/xn--puebladiseo-beb.com.ar\/wp-content\/uploads\/2025\/03\/5c78de3e-93d1-49a3-a12f-74b96c15d951-300x167.jpg 300w, https:\/\/xn--puebladiseo-beb.com.ar\/wp-content\/uploads\/2025\/03\/5c78de3e-93d1-49a3-a12f-74b96c15d951-1024x568.jpg 1024w, https:\/\/xn--puebladiseo-beb.com.ar\/wp-content\/uploads\/2025\/03\/5c78de3e-93d1-49a3-a12f-74b96c15d951-768x426.jpg 768w, https:\/\/xn--puebladiseo-beb.com.ar\/wp-content\/uploads\/2025\/03\/5c78de3e-93d1-49a3-a12f-74b96c15d951-1536x852.jpg 1536w, https:\/\/xn--puebladiseo-beb.com.ar\/wp-content\/uploads\/2025\/03\/5c78de3e-93d1-49a3-a12f-74b96c15d951-510x283.jpg 510w, https:\/\/xn--puebladiseo-beb.com.ar\/wp-content\/uploads\/2025\/03\/5c78de3e-93d1-49a3-a12f-74b96c15d951-64x36.jpg 64w\" data-sizes=\"(max-width: 1600px) 100vw, 1600px\" src=\"data:image\/svg+xml;base64,PHN2ZyB3aWR0aD0iMSIgaGVpZ2h0PSIxIiB4bWxucz0iaHR0cDovL3d3dy53My5vcmcvMjAwMC9zdmciPjwvc3ZnPg==\" style=\"--smush-placeholder-width: 1600px; --smush-placeholder-aspect-ratio: 1600\/888;\" \/>\t\t\t\t\t\t\n\t\t\t\t\t<\/div>\n\t\t\t\t\t\t\t\t\n<style>\n#image_1710312094 {\n  width: 100%;\n}\n<\/style>\n\t<\/div>\n\t\n\t\t<\/div>\n\t\t\t\t\t<\/div>\n\n\t\n\n\t<div id=\"col-1167798291\" class=\"col medium-3 small-12 large-3\"  >\n\t\t\t\t<div class=\"col-inner\"  >\n\t\t\t\n\t\t\t\n\t<div class=\"img has-hover x md-x lg-x y md-y lg-y\" id=\"image_1853336194\">\n\t\t\t\t\t\t\t\t<div class=\"img-inner image-cover dark\" style=\"padding-top:75%;\">\n\t\t\t<img decoding=\"async\" width=\"864\" height=\"1296\" data-src=\"https:\/\/xn--puebladiseo-beb.com.ar\/wp-content\/uploads\/2025\/03\/e395a7cc-5884-4961-8914-2ca43e9938bb.jpg\" class=\"attachment-original size-original lazyload\" alt=\"\" data-srcset=\"https:\/\/xn--puebladiseo-beb.com.ar\/wp-content\/uploads\/2025\/03\/e395a7cc-5884-4961-8914-2ca43e9938bb.jpg 864w, https:\/\/xn--puebladiseo-beb.com.ar\/wp-content\/uploads\/2025\/03\/e395a7cc-5884-4961-8914-2ca43e9938bb-200x300.jpg 200w, https:\/\/xn--puebladiseo-beb.com.ar\/wp-content\/uploads\/2025\/03\/e395a7cc-5884-4961-8914-2ca43e9938bb-683x1024.jpg 683w, https:\/\/xn--puebladiseo-beb.com.ar\/wp-content\/uploads\/2025\/03\/e395a7cc-5884-4961-8914-2ca43e9938bb-768x1152.jpg 768w, https:\/\/xn--puebladiseo-beb.com.ar\/wp-content\/uploads\/2025\/03\/e395a7cc-5884-4961-8914-2ca43e9938bb-510x765.jpg 510w, https:\/\/xn--puebladiseo-beb.com.ar\/wp-content\/uploads\/2025\/03\/e395a7cc-5884-4961-8914-2ca43e9938bb-64x96.jpg 64w\" data-sizes=\"(max-width: 864px) 100vw, 864px\" src=\"data:image\/svg+xml;base64,PHN2ZyB3aWR0aD0iMSIgaGVpZ2h0PSIxIiB4bWxucz0iaHR0cDovL3d3dy53My5vcmcvMjAwMC9zdmciPjwvc3ZnPg==\" style=\"--smush-placeholder-width: 864px; --smush-placeholder-aspect-ratio: 864\/1296;\" \/>\t\t\t\t\t\t\n\t\t\t\t\t<\/div>\n\t\t\t\t\t\t\t\t\n<style>\n#image_1853336194 {\n  width: 100%;\n}\n<\/style>\n\t<\/div>\n\t\n\t<div class=\"img has-hover x md-x lg-x y md-y lg-y\" id=\"image_879433888\">\n\t\t\t\t\t\t\t\t<div class=\"img-inner image-cover dark\" style=\"padding-top:75%;\">\n\t\t\t<img decoding=\"async\" width=\"1600\" height=\"865\" data-src=\"https:\/\/xn--puebladiseo-beb.com.ar\/wp-content\/uploads\/2025\/03\/e0a451a4-2f9e-40b8-ba37-83b160063448.jpg\" class=\"attachment-original size-original lazyload\" alt=\"\" data-srcset=\"https:\/\/xn--puebladiseo-beb.com.ar\/wp-content\/uploads\/2025\/03\/e0a451a4-2f9e-40b8-ba37-83b160063448.jpg 1600w, https:\/\/xn--puebladiseo-beb.com.ar\/wp-content\/uploads\/2025\/03\/e0a451a4-2f9e-40b8-ba37-83b160063448-300x162.jpg 300w, https:\/\/xn--puebladiseo-beb.com.ar\/wp-content\/uploads\/2025\/03\/e0a451a4-2f9e-40b8-ba37-83b160063448-1024x554.jpg 1024w, https:\/\/xn--puebladiseo-beb.com.ar\/wp-content\/uploads\/2025\/03\/e0a451a4-2f9e-40b8-ba37-83b160063448-768x415.jpg 768w, https:\/\/xn--puebladiseo-beb.com.ar\/wp-content\/uploads\/2025\/03\/e0a451a4-2f9e-40b8-ba37-83b160063448-1536x830.jpg 1536w, https:\/\/xn--puebladiseo-beb.com.ar\/wp-content\/uploads\/2025\/03\/e0a451a4-2f9e-40b8-ba37-83b160063448-510x276.jpg 510w, https:\/\/xn--puebladiseo-beb.com.ar\/wp-content\/uploads\/2025\/03\/e0a451a4-2f9e-40b8-ba37-83b160063448-64x35.jpg 64w\" data-sizes=\"(max-width: 1600px) 100vw, 1600px\" src=\"data:image\/svg+xml;base64,PHN2ZyB3aWR0aD0iMSIgaGVpZ2h0PSIxIiB4bWxucz0iaHR0cDovL3d3dy53My5vcmcvMjAwMC9zdmciPjwvc3ZnPg==\" style=\"--smush-placeholder-width: 1600px; --smush-placeholder-aspect-ratio: 1600\/865;\" \/>\t\t\t\t\t\t\n\t\t\t\t\t<\/div>\n\t\t\t\t\t\t\t\t\n<style>\n#image_879433888 {\n  width: 100%;\n}\n<\/style>\n\t<\/div>\n\t\n\t<div class=\"img has-hover x md-x lg-x y md-y lg-y\" id=\"image_80960611\">\n\t\t\t\t\t\t\t\t<div class=\"img-inner image-cover dark\" style=\"padding-top:75%;\">\n\t\t\t<img decoding=\"async\" width=\"1080\" height=\"585\" data-src=\"https:\/\/xn--puebladiseo-beb.com.ar\/wp-content\/uploads\/2025\/03\/ff54c18b-3cc3-42fe-a66f-9e0756d24952.jpg\" class=\"attachment-original size-original lazyload\" alt=\"\" data-srcset=\"https:\/\/xn--puebladiseo-beb.com.ar\/wp-content\/uploads\/2025\/03\/ff54c18b-3cc3-42fe-a66f-9e0756d24952.jpg 1080w, https:\/\/xn--puebladiseo-beb.com.ar\/wp-content\/uploads\/2025\/03\/ff54c18b-3cc3-42fe-a66f-9e0756d24952-300x163.jpg 300w, https:\/\/xn--puebladiseo-beb.com.ar\/wp-content\/uploads\/2025\/03\/ff54c18b-3cc3-42fe-a66f-9e0756d24952-1024x555.jpg 1024w, https:\/\/xn--puebladiseo-beb.com.ar\/wp-content\/uploads\/2025\/03\/ff54c18b-3cc3-42fe-a66f-9e0756d24952-768x416.jpg 768w, https:\/\/xn--puebladiseo-beb.com.ar\/wp-content\/uploads\/2025\/03\/ff54c18b-3cc3-42fe-a66f-9e0756d24952-510x276.jpg 510w, https:\/\/xn--puebladiseo-beb.com.ar\/wp-content\/uploads\/2025\/03\/ff54c18b-3cc3-42fe-a66f-9e0756d24952-64x35.jpg 64w\" data-sizes=\"(max-width: 1080px) 100vw, 1080px\" src=\"data:image\/svg+xml;base64,PHN2ZyB3aWR0aD0iMSIgaGVpZ2h0PSIxIiB4bWxucz0iaHR0cDovL3d3dy53My5vcmcvMjAwMC9zdmciPjwvc3ZnPg==\" style=\"--smush-placeholder-width: 1080px; --smush-placeholder-aspect-ratio: 1080\/585;\" \/>\t\t\t\t\t\t\n\t\t\t\t\t<\/div>\n\t\t\t\t\t\t\t\t\n<style>\n#image_80960611 {\n  width: 100%;\n}\n<\/style>\n\t<\/div>\n\t\n\t\t<\/div>\n\t\t\t\t\t<\/div>\n\n\t\n\n\t<div id=\"col-1166418430\" class=\"col medium-6 small-12 large-6\"  >\n\t\t\t\t<div class=\"col-inner\"  >\n\t\t\t\n\t\t\t\n<h3><span style=\"color: #ffffff;\">Si le interesa comercializar nuestros productos puede completar el siguiente formulario y a la brevedad nos pondremos en contacto.<\/span><\/h3>\n\t<div id=\"gap-667837346\" class=\"gap-element clearfix\" style=\"display:block; height:auto;\">\n\t\t\n<style>\n#gap-667837346 {\n  padding-top: 30px;\n}\n<\/style>\n\t<\/div>\n\t\n\n<div class=\"wpcf7 no-js\" id=\"wpcf7-f4790-o1\" lang=\"es-ES\" dir=\"ltr\" data-wpcf7-id=\"4790\">\n<div class=\"screen-reader-response\"><p role=\"status\" aria-live=\"polite\" aria-atomic=\"true\"><\/p> <ul><\/ul><\/div>\n<form action=\"\/en\/wp-json\/wp\/v2\/pages\/4783#wpcf7-f4790-o1\" method=\"post\" class=\"wpcf7-form init\" aria-label=\"Formulario de contacto\" novalidate=\"novalidate\" data-status=\"init\" data-trp-original-action=\"\/en\/wp-json\/wp\/v2\/pages\/4783#wpcf7-f4790-o1\">\n<fieldset class=\"hidden-fields-container\"><input type=\"hidden\" name=\"_wpcf7\" value=\"4790\" \/><input type=\"hidden\" name=\"_wpcf7_version\" value=\"6.1.5\" \/><input type=\"hidden\" name=\"_wpcf7_locale\" value=\"es_ES\" \/><input type=\"hidden\" name=\"_wpcf7_unit_tag\" value=\"wpcf7-f4790-o1\" \/><input type=\"hidden\" name=\"_wpcf7_container_post\" value=\"0\" \/><input type=\"hidden\" name=\"_wpcf7_posted_data_hash\" value=\"\" \/><input type=\"hidden\" name=\"_wpcf7_recaptcha_response\" value=\"\" \/>\n<\/fieldset>\n<div class=\"cf-container\">\n\t<div class=\"cf-col-12\">\n\t\t<p><span class=\"wpcf7-form-control-wrap\" data-name=\"your-subject\"><input size=\"40\" maxlength=\"400\" class=\"wpcf7-form-control wpcf7-text wpcf7-validates-as-required\" aria-required=\"true\" aria-invalid=\"false\" placeholder=\"Asunto\" value=\"\" type=\"text\" name=\"your-subject\" \/><\/span>\n\t\t<\/p>\n\t<\/div>\n\t<div class=\"cf-col-12\">\n\t\t<p><span class=\"wpcf7-form-control-wrap\" data-name=\"your-name\"><input size=\"40\" maxlength=\"400\" class=\"wpcf7-form-control wpcf7-text wpcf7-validates-as-required\" aria-required=\"true\" aria-invalid=\"false\" placeholder=\"Nombre completo\" value=\"\" type=\"text\" name=\"your-name\" \/><\/span>\n\t\t<\/p>\n\t<\/div>\n\t<div class=\"cf-col-12\">\n\t\t<p><span class=\"wpcf7-form-control-wrap\" data-name=\"your-email\"><input size=\"40\" maxlength=\"400\" class=\"wpcf7-form-control wpcf7-email wpcf7-validates-as-required wpcf7-text wpcf7-validates-as-email\" aria-required=\"true\" aria-invalid=\"false\" placeholder=\"Email\" value=\"\" type=\"email\" name=\"your-email\" \/><\/span>\n\t\t<\/p>\n\t<\/div>\n\t<div class=\"cf-col-12\"<span data-name=\"your-tel\"><input size=\"40\" maxlength=\"400\" class=\"wpcf7-form-control wpcf7-tel wpcf7-text wpcf7-validates-as-tel\" aria-invalid=\"false\" placeholder=\"Tel\u00e9fono\" value=\"\" type=\"tel\" name=\"your-tel\" \/><\/span>\n\t<\/div>\n\t<div class=\"cf-col-12\">\n\t\t<p><span class=\"wpcf7-form-control-wrap\" data-name=\"textarea-consulta\"><textarea cols=\"40\" rows=\"10\" maxlength=\"2000\" class=\"wpcf7-form-control wpcf7-textarea\" aria-invalid=\"false\" placeholder=\"Tu consulta\" name=\"textarea-consulta\"><\/textarea><\/span>\n\t\t<\/p>\n\t<\/div>\n<\/div>\n<p><input class=\"wpcf7-form-control wpcf7-submit has-spinner\" type=\"submit\" value=\"ENVIAR\" \/>\n<\/p><div class=\"wpcf7-response-output\" aria-hidden=\"true\"><\/div>\n<input type=\"hidden\" name=\"trp-form-language\" value=\"en\"\/><\/form>\n<\/div>\n\n\t\t<\/div>\n\t\t\t\t\t<\/div>\n\n\t\n<\/div>\n\t\t<\/div>\n\n\t\t\n<style>\n#section_271831158 {\n  padding-top: 30px;\n  padding-bottom: 30px;\n  background-color: rgb(150, 150, 150);\n}\n<\/style>\n\t<\/section>","protected":false},"excerpt":{"rendered":"","protected":false},"author":1,"featured_media":0,"parent":0,"menu_order":0,"comment_status":"closed","ping_status":"closed","template":"page-blank.php","meta":{"_joinchat":[],"footnotes":""},"class_list":["post-4783","page","type-page","status-publish","hentry"],"_links":{"self":[{"href":"https:\/\/xn--puebladiseo-beb.com.ar\/en\/wp-json\/wp\/v2\/pages\/4783","targetHints":{"allow":["GET"]}}],"collection":[{"href":"https:\/\/xn--puebladiseo-beb.com.ar\/en\/wp-json\/wp\/v2\/pages"}],"about":[{"href":"https:\/\/xn--puebladiseo-beb.com.ar\/en\/wp-json\/wp\/v2\/types\/page"}],"author":[{"embeddable":true,"href":"https:\/\/xn--puebladiseo-beb.com.ar\/en\/wp-json\/wp\/v2\/users\/1"}],"replies":[{"embeddable":true,"href":"https:\/\/xn--puebladiseo-beb.com.ar\/en\/wp-json\/wp\/v2\/comments?post=4783"}],"version-history":[{"count":1,"href":"https:\/\/xn--puebladiseo-beb.com.ar\/en\/wp-json\/wp\/v2\/pages\/4783\/revisions"}],"predecessor-version":[{"id":21568,"href":"https:\/\/xn--puebladiseo-beb.com.ar\/en\/wp-json\/wp\/v2\/pages\/4783\/revisions\/21568"}],"wp:attachment":[{"href":"https:\/\/xn--puebladiseo-beb.com.ar\/en\/wp-json\/wp\/v2\/media?parent=4783"}],"curies":[{"name":"wp","href":"https:\/\/api.w.org\/{rel}","templated":true}]}}