{"id":1326,"date":"2020-05-05T03:54:02","date_gmt":"2020-05-05T06:54:02","guid":{"rendered":"https:\/\/xn--puebladiseo-beb.com.ar\/?page_id=1326"},"modified":"2022-09-21T11:39:06","modified_gmt":"2022-09-21T14:39:06","slug":"proyectos-a-medida","status":"publish","type":"page","link":"https:\/\/xn--puebladiseo-beb.com.ar\/en\/proyectos-a-medida\/","title":{"rendered":"Proyectos a medida"},"content":{"rendered":"<div id=\"gap-1964949082\" class=\"gap-element clearfix\" style=\"display:block; height:auto;\">\n\t\t\n<style>\n#gap-1964949082 {\n  padding-top: 30px;\n}\n<\/style>\n\t<\/div>\n\t\n<h1 style=\"text-align: center;\"><strong>PROYECTOS A MEDIDA<\/strong><\/h1>\n\t<div id=\"gap-1581541877\" class=\"gap-element clearfix\" style=\"display:block; height:auto;\">\n\t\t\n<style>\n#gap-1581541877 {\n  padding-top: 30px;\n}\n<\/style>\n\t<\/div>\n\t\n<div class=\"row align-center\" style=\"max-width:1080px\" id=\"row-419182506\">\n\n\t<div id=\"col-866955404\" class=\"col small-12 large-12\"  >\n\t\t\t\t<div class=\"col-inner\"  >\n\t\t\t\n\t\t\t\n<p><strong>Podemos concretar tus proyectos. Adjuntanos una imagen del dise\u00f1o que ten\u00e9s en mente, las medidas apr\u00f3ximadas, y con gusto evaluaremos la cotizaci\u00f3n del producto.<\/strong><\/p>\n\t\t<\/div>\n\t\t\t\t\t<\/div>\n\n\t\n<\/div>\n\t<div id=\"gap-1441934731\" class=\"gap-element clearfix\" style=\"display:block; height:auto;\">\n\t\t\n<style>\n#gap-1441934731 {\n  padding-top: 30px;\n}\n<\/style>\n\t<\/div>\n\t\n<div class=\"row align-center\" style=\"max-width:1080px\" id=\"row-505066455\">\n\n\t<div id=\"col-1460917731\" class=\"col medium-6 small-12 large-6\"  >\n\t\t\t\t<div class=\"col-inner\"  >\n\t\t\t\n\t\t\t\n\n<div class=\"wpcf7 no-js\" id=\"wpcf7-f1325-o1\" lang=\"es-AR\" dir=\"ltr\" data-wpcf7-id=\"1325\">\n<div class=\"screen-reader-response\"><p role=\"status\" aria-live=\"polite\" aria-atomic=\"true\"><\/p> <ul><\/ul><\/div>\n<form action=\"\/en\/wp-json\/wp\/v2\/pages\/1326#wpcf7-f1325-o1\" method=\"post\" class=\"wpcf7-form init\" aria-label=\"Formulario de contacto\" enctype=\"multipart\/form-data\" novalidate=\"novalidate\" data-status=\"init\" data-trp-original-action=\"\/en\/wp-json\/wp\/v2\/pages\/1326#wpcf7-f1325-o1\">\n<fieldset class=\"hidden-fields-container\"><input type=\"hidden\" name=\"_wpcf7\" value=\"1325\" \/><input type=\"hidden\" name=\"_wpcf7_version\" value=\"6.1.5\" \/><input type=\"hidden\" name=\"_wpcf7_locale\" value=\"es_AR\" \/><input type=\"hidden\" name=\"_wpcf7_unit_tag\" value=\"wpcf7-f1325-o1\" \/><input type=\"hidden\" name=\"_wpcf7_container_post\" value=\"0\" \/><input type=\"hidden\" name=\"_wpcf7_posted_data_hash\" value=\"\" \/><input type=\"hidden\" name=\"_wpcf7_recaptcha_response\" value=\"\" \/>\n<\/fieldset>\n<p><label> Nombre (obligatorio)<br \/>\n<span class=\"wpcf7-form-control-wrap\" data-name=\"your-name\"><input size=\"40\" maxlength=\"400\" class=\"wpcf7-form-control wpcf7-text wpcf7-validates-as-required\" aria-required=\"true\" aria-invalid=\"false\" value=\"\" type=\"text\" name=\"your-name\" \/><\/span> <\/label>\n<\/p>\n<p><label> Correo electr\u00f3nico (obligatorio)<br \/>\n<span class=\"wpcf7-form-control-wrap\" data-name=\"your-email\"><input size=\"40\" maxlength=\"400\" class=\"wpcf7-form-control wpcf7-email wpcf7-validates-as-required wpcf7-text wpcf7-validates-as-email\" aria-required=\"true\" aria-invalid=\"false\" value=\"\" type=\"email\" name=\"your-email\" \/><\/span> <\/label>\n<\/p>\n<p><label> Asunto<br \/>\n<span class=\"wpcf7-form-control-wrap\" data-name=\"your-subject\"><input size=\"40\" maxlength=\"400\" class=\"wpcf7-form-control wpcf7-text\" aria-invalid=\"false\" value=\"\" type=\"text\" name=\"your-subject\" \/><\/span> <\/label>\n<\/p>\n<p><label> Detallanos tu idea, sus medidas y todo lo que creas relevante.<br \/>\n<span class=\"wpcf7-form-control-wrap\" data-name=\"your-message\"><textarea cols=\"40\" rows=\"10\" maxlength=\"2000\" class=\"wpcf7-form-control wpcf7-textarea\" aria-invalid=\"false\" name=\"your-message\"><\/textarea><\/span> <\/label>\n<\/p>\n<p><label> Adjunta una imagen<br \/>\n<span class=\"wpcf7-form-control-wrap\" data-name=\"file-886\"><input size=\"40\" class=\"wpcf7-form-control wpcf7-file\" accept=\".jpg,.png,.jpeg,.gif\" aria-invalid=\"false\" type=\"file\" name=\"file-886\" \/><\/span><\/label>\n<\/p>\n<p><input class=\"wpcf7-form-control wpcf7-submit has-spinner\" type=\"submit\" value=\"Solicitar Cotizaci\u00f3n\" \/>\n<\/p><div class=\"wpcf7-response-output\" aria-hidden=\"true\"><\/div>\n<input type=\"hidden\" name=\"trp-form-language\" value=\"en\"\/><\/form>\n<\/div>\n\n\t\t<\/div>\n\t\t\t\t\t<\/div>\n\n\t\n\n\t<div id=\"col-2118645567\" class=\"col medium-6 small-12 large-6\"  >\n\t\t\t\t<div class=\"col-inner\"  >\n\t\t\t\n\t\t\t\n<div class=\"slider-wrapper relative\" id=\"slider-1122694677\" >\n    <div class=\"slider slider-nav-circle slider-nav-large slider-nav-light slider-style-normal\"\n        data-flickity-options='{            \"cellAlign\": \"center\",            \"imagesLoaded\": true,            \"lazyLoad\": 1,            \"freeScroll\": false,            \"wrapAround\": true,            \"autoPlay\": 6000,            \"pauseAutoPlayOnHover\" : true,            \"prevNextButtons\": true,            \"contain\" : true,            \"adaptiveHeight\" : true,            \"dragThreshold\" : 10,            \"percentPosition\": true,            \"pageDots\": true,            \"rightToLeft\": false,            \"draggable\": true,            \"selectedAttraction\": 0.1,            \"parallax\" : 0,            \"friction\": 0.6        }'\n        >\n        \n\t<div class=\"img has-hover x md-x lg-x y md-y lg-y\" id=\"image_1921503114\">\n\t\t\t\t\t\t\t\t<div class=\"img-inner image-cover dark\" style=\"padding-top:400px;\">\n\t\t\t<img decoding=\"async\" width=\"564\" height=\"845\" data-src=\"https:\/\/xn--puebladiseo-beb.com.ar\/wp-content\/uploads\/2020\/04\/proyectos-a-medida-opt.png\" class=\"attachment-original size-original lazyload\" alt=\"\" data-srcset=\"https:\/\/xn--puebladiseo-beb.com.ar\/wp-content\/uploads\/2020\/04\/proyectos-a-medida-opt.png 564w, https:\/\/xn--puebladiseo-beb.com.ar\/wp-content\/uploads\/2020\/04\/proyectos-a-medida-opt-510x764.png 510w, https:\/\/xn--puebladiseo-beb.com.ar\/wp-content\/uploads\/2020\/04\/proyectos-a-medida-opt-64x96.png 64w, https:\/\/xn--puebladiseo-beb.com.ar\/wp-content\/uploads\/2020\/04\/proyectos-a-medida-opt-200x300.png 200w, https:\/\/xn--puebladiseo-beb.com.ar\/wp-content\/uploads\/2020\/04\/proyectos-a-medida-opt-480x719.png 480w\" data-sizes=\"(max-width: 564px) 100vw, 564px\" src=\"data:image\/svg+xml;base64,PHN2ZyB3aWR0aD0iMSIgaGVpZ2h0PSIxIiB4bWxucz0iaHR0cDovL3d3dy53My5vcmcvMjAwMC9zdmciPjwvc3ZnPg==\" style=\"--smush-placeholder-width: 564px; --smush-placeholder-aspect-ratio: 564\/845;\" \/>\t\t\t\t\t\t\n\t\t\t\t\t<\/div>\n\t\t\t\t\t\t\t\t\n<style>\n#image_1921503114 {\n  width: 100%;\n}\n<\/style>\n\t<\/div>\n\t\n\t<div class=\"img has-hover x md-x lg-x y md-y lg-y\" id=\"image_1973035640\">\n\t\t\t\t\t\t\t\t<div class=\"img-inner image-cover dark\" style=\"padding-top:400px;\">\n\t\t\t<img decoding=\"async\" width=\"794\" height=\"794\" data-src=\"https:\/\/xn--puebladiseo-beb.com.ar\/wp-content\/uploads\/2020\/05\/proyectos-a-medida-2-opt.png\" class=\"attachment-original size-original lazyload\" alt=\"\" data-srcset=\"https:\/\/xn--puebladiseo-beb.com.ar\/wp-content\/uploads\/2020\/05\/proyectos-a-medida-2-opt.png 794w, https:\/\/xn--puebladiseo-beb.com.ar\/wp-content\/uploads\/2020\/05\/proyectos-a-medida-2-opt-100x100.png 100w, https:\/\/xn--puebladiseo-beb.com.ar\/wp-content\/uploads\/2020\/05\/proyectos-a-medida-2-opt-510x510.png 510w, https:\/\/xn--puebladiseo-beb.com.ar\/wp-content\/uploads\/2020\/05\/proyectos-a-medida-2-opt-64x64.png 64w, https:\/\/xn--puebladiseo-beb.com.ar\/wp-content\/uploads\/2020\/05\/proyectos-a-medida-2-opt-300x300.png 300w, https:\/\/xn--puebladiseo-beb.com.ar\/wp-content\/uploads\/2020\/05\/proyectos-a-medida-2-opt-150x150.png 150w, https:\/\/xn--puebladiseo-beb.com.ar\/wp-content\/uploads\/2020\/05\/proyectos-a-medida-2-opt-768x768.png 768w, https:\/\/xn--puebladiseo-beb.com.ar\/wp-content\/uploads\/2020\/05\/proyectos-a-medida-2-opt-480x480.png 480w, https:\/\/xn--puebladiseo-beb.com.ar\/wp-content\/uploads\/2020\/05\/proyectos-a-medida-2-opt-600x600.png 600w\" data-sizes=\"(max-width: 794px) 100vw, 794px\" src=\"data:image\/svg+xml;base64,PHN2ZyB3aWR0aD0iMSIgaGVpZ2h0PSIxIiB4bWxucz0iaHR0cDovL3d3dy53My5vcmcvMjAwMC9zdmciPjwvc3ZnPg==\" style=\"--smush-placeholder-width: 794px; --smush-placeholder-aspect-ratio: 794\/794;\" \/>\t\t\t\t\t\t\n\t\t\t\t\t<\/div>\n\t\t\t\t\t\t\t\t\n<style>\n#image_1973035640 {\n  width: 100%;\n}\n<\/style>\n\t<\/div>\n\t\n\t<div class=\"img has-hover x md-x lg-x y md-y lg-y\" id=\"image_1928569666\">\n\t\t\t\t\t\t\t\t<div class=\"img-inner image-cover dark\" style=\"padding-top:400px;\">\n\t\t\t<img decoding=\"async\" width=\"564\" height=\"705\" data-src=\"https:\/\/xn--puebladiseo-beb.com.ar\/wp-content\/uploads\/2020\/05\/proyectos-a-medida-3-opt.png\" class=\"attachment-original size-original lazyload\" alt=\"\" data-srcset=\"https:\/\/xn--puebladiseo-beb.com.ar\/wp-content\/uploads\/2020\/05\/proyectos-a-medida-3-opt.png 564w, https:\/\/xn--puebladiseo-beb.com.ar\/wp-content\/uploads\/2020\/05\/proyectos-a-medida-3-opt-510x638.png 510w, https:\/\/xn--puebladiseo-beb.com.ar\/wp-content\/uploads\/2020\/05\/proyectos-a-medida-3-opt-64x80.png 64w, https:\/\/xn--puebladiseo-beb.com.ar\/wp-content\/uploads\/2020\/05\/proyectos-a-medida-3-opt-240x300.png 240w, https:\/\/xn--puebladiseo-beb.com.ar\/wp-content\/uploads\/2020\/05\/proyectos-a-medida-3-opt-480x600.png 480w\" data-sizes=\"(max-width: 564px) 100vw, 564px\" src=\"data:image\/svg+xml;base64,PHN2ZyB3aWR0aD0iMSIgaGVpZ2h0PSIxIiB4bWxucz0iaHR0cDovL3d3dy53My5vcmcvMjAwMC9zdmciPjwvc3ZnPg==\" style=\"--smush-placeholder-width: 564px; --smush-placeholder-aspect-ratio: 564\/705;\" \/>\t\t\t\t\t\t\n\t\t\t\t\t<\/div>\n\t\t\t\t\t\t\t\t\n<style>\n#image_1928569666 {\n  width: 100%;\n}\n<\/style>\n\t<\/div>\n\t\n     <\/div>\n\n     <div class=\"loading-spin dark large centered\"><\/div>\n\n\t<\/div>\n\n\n\t\t<\/div>\n\t\t\t\t\t<\/div>\n\n\t\n<\/div>","protected":false},"excerpt":{"rendered":"<p>PROYECTOS A MEDIDA<\/p>","protected":false},"author":1,"featured_media":0,"parent":0,"menu_order":0,"comment_status":"closed","ping_status":"closed","template":"page-blank.php","meta":{"_joinchat":[],"footnotes":""},"class_list":["post-1326","page","type-page","status-publish","hentry"],"_links":{"self":[{"href":"https:\/\/xn--puebladiseo-beb.com.ar\/en\/wp-json\/wp\/v2\/pages\/1326","targetHints":{"allow":["GET"]}}],"collection":[{"href":"https:\/\/xn--puebladiseo-beb.com.ar\/en\/wp-json\/wp\/v2\/pages"}],"about":[{"href":"https:\/\/xn--puebladiseo-beb.com.ar\/en\/wp-json\/wp\/v2\/types\/page"}],"author":[{"embeddable":true,"href":"https:\/\/xn--puebladiseo-beb.com.ar\/en\/wp-json\/wp\/v2\/users\/1"}],"replies":[{"embeddable":true,"href":"https:\/\/xn--puebladiseo-beb.com.ar\/en\/wp-json\/wp\/v2\/comments?post=1326"}],"version-history":[{"count":0,"href":"https:\/\/xn--puebladiseo-beb.com.ar\/en\/wp-json\/wp\/v2\/pages\/1326\/revisions"}],"wp:attachment":[{"href":"https:\/\/xn--puebladiseo-beb.com.ar\/en\/wp-json\/wp\/v2\/media?parent=1326"}],"curies":[{"name":"wp","href":"https:\/\/api.w.org\/{rel}","templated":true}]}}